{"id":5335,"date":"2021-10-20T07:33:37","date_gmt":"2021-10-20T07:33:37","guid":{"rendered":"https:\/\/dcare.training\/alle-kurser\/"},"modified":"2021-10-20T07:33:38","modified_gmt":"2021-10-20T07:33:38","slug":"alle-kurser","status":"publish","type":"page","link":"https:\/\/dcare.training\/da\/alle-kurser\/","title":{"rendered":"alle kurser"},"content":{"rendered":"<p>[vc_row][vc_column width=&#8221;1\/6&#8243;][\/vc_column][vc_column width=&#8221;2\/3&#8243;][vc_column_text]<\/p>\n<h2>V\u00e6lg din favorit!<\/h2>\n<p>V\u00e6lg den der passer dig! Tilmeld dig blot for at starte dit yndlingsforl\u00f8b, eller log ind for at forts\u00e6tte, hvor du forlod![\/vc_column_text][vc_column_text]<div class=\"bb-courses-directory\">\n\t\t\t\t\t\t\t<div id=\"bb-course-list-grid-filters\" class=\"bb-secondary-list-tabs flex align-items-center\">\n\t\t\t\t\t\t\t\t<div class=\"grid-filters push-right\" data-view=\"ld-course\">\n\t\t\t\t\t\t\t\t    <a href=\"#\" class=\"layout-view layout-grid-view active bp-tooltip\" data-view=\"grid\" data-bp-tooltip-pos=\"up\"\n\t\t\t\t\t\t\t\t       data-bp-tooltip=\"Gitter visning\">\n\t\t\t\t\t\t\t\t        <i class=\"bb-icon-l bb-icon-grid-large\" aria-hidden=\"true\"><\/i>\n\t\t\t\t\t\t\t\t    <\/a>\n\n\t\t\t\t\t\t\t\t    <a href=\"#\" class=\"layout-view layout-list-view  bp-tooltip\" data-view=\"list\" data-bp-tooltip-pos=\"up\"\n\t\t\t\t\t\t\t\t       data-bp-tooltip=\" Liste visning\">\n\t\t\t\t\t\t\t\t        <i class=\"bb-icon-l bb-icon-bars\" aria-hidden=\"true\"><\/i>\n\t\t\t\t\t\t\t\t    <\/a>\n\t\t\t\t\t\t\t\t<\/div>\n\t\t\t\t\t\t\t<\/div>\n\t\t\t\t\t\t<\/div><div id=\"ld-course-list-content-3cd01390dfca65e334e8f5c67b2ca66a\" class=\"ld-course-list-content\" data-shortcode-atts=\"{&quot;col&quot;:&quot;2&quot;,&quot;progress_bar&quot;:&quot;true&quot;,&quot;orderby&quot;:&quot;title&quot;,&quot;order&quot;:&quot;ASC&quot;}\">\n\t\t\t<div class=\"ld-course-list-items row\">\n\t<div class=\"ld_course_grid col-sm-12 col-md-6  bb-course-item-wrap\">\n\n\t<div class=\"bb-cover-list-item  \">\n\t\t\n\t\t\t\t<div class=\"bb-course-cover \">\n\t\t\t\t<div class=\"ld-status  free ld-secondary-background\">Free<\/div>\t\t\t\t\t\t<a title=\"Uddannelseskursus for ikke-professionelle omsorgspersoner til mennesker med demens\" href=\"https:\/\/dcare.training\/da\/courses\/uddannelseskursus-for-ikke-professionelle-omsorgspersoner-til-mennesker-med-demens\/\" class=\"bb-cover-wrap\">\n\t\t\t\t\t\t\t<img loading=\"lazy\" decoding=\"async\" width=\"300\" height=\"200\" src=\"https:\/\/dcare.training\/wp-content\/uploads\/2021\/10\/CourseForNonProfessionals.jpg\" class=\"attachment-post-thumbnail size-post-thumbnail wp-post-image\" alt=\"courses\" \/>\t\t\t\t\t\t<\/a>\n\t\t\t\t\t\t\t\t\t\t<\/div>\n\n\t\t\n\t\t\n\t\t<div class=\"bb-card-course-details\">\n\t\t\t<div class=\"course-lesson-count\">4 Moduler<\/div>\t\t\t<h2 class=\"bb-course-title\">\n\t\t\t\t<a href=\"https:\/\/dcare.training\/da\/courses\/uddannelseskursus-for-ikke-professionelle-omsorgspersoner-til-mennesker-med-demens\/\">Uddannelseskursus for ikke-professionelle omsorgspersoner til mennesker med demens<\/a>\n\t\t\t<\/h2>\n\t\t\t\t\t\t\t<p class=\"entry-content\">Tilmeld dig nu og f\u00e5 alle de n\u00f8dvendige f\u00e6rdigheder til at blive et certificeret DCare-medlem! Kom nu... Kom med os!<\/p>\n\t\t\t\t\t\t\t\t<div class=\"course-progress-wrap\">\n\t\t\t\t\t\t<div class=\"ld-progress ld-progress-inline\">\n\t\t\t\t\t<div class=\"ld-progress-heading\">\n\t\t\t\t\t\t\t<\/div>\n\n\t\t\t<div class=\"ld-progress-bar\">\n\t\t\t\t<div class=\"ld-progress-bar-percentage ld-secondary-background\" style=\"width:0%\"><\/div>\n\t\t\t<\/div>\n\t\t\t<div class=\"ld-progress-stats\">\n\t\t\t\t<div class=\"ld-progress-percentage ld-secondary-color course-completion-rate\">\n\t\t\t\t\t0% Afslut\t\t\t\t<\/div>\n\t\t\t\t<div class=\"ld-progress-steps\">\n\t\t\t\t\t0\/0 Trin\t\t\t\t<\/div>\n\t\t\t<\/div> <!--\/.ld-progress-stats-->\n\t\t\t\t<\/div> <!--\/.ld-progress-->\n\t\t\t\t\t<\/div>\n\t\t\t\t                <p class=\"ld_course_grid_button\"><a class=\"btn btn-primary\" role=\"button\" href=\"https:\/\/dcare.training\/da\/courses\/uddannelseskursus-for-ikke-professionelle-omsorgspersoner-til-mennesker-med-demens\/\" rel=\"bookmark\">See more...<\/a><\/p>\n\t\t\t\t\n\t\t<\/div><!-- .entry-header -->\n\t<\/div><!-- #post-## -->\n<\/div>\n<div class=\"ld_course_grid col-sm-12 col-md-6  bb-course-item-wrap\">\n\n\t<div class=\"bb-cover-list-item  \">\n\t\t\n\t\t\t\t<div class=\"bb-course-cover \">\n\t\t\t\t<div class=\"ld-status  free ld-secondary-background\">Free<\/div>\t\t\t\t\t\t<a title=\"Uddannelseskursus for professionelle omsorgspersoner til mennesker med demens\" href=\"https:\/\/dcare.training\/da\/courses\/uddannelseskursus-for-professionelle-omsorgspersoner-til-mennesker-med-demens\/\" class=\"bb-cover-wrap\">\n\t\t\t\t\t\t\t<img loading=\"lazy\" decoding=\"async\" width=\"300\" height=\"200\" src=\"https:\/\/dcare.training\/wp-content\/uploads\/2021\/10\/CourseForProfessionals.jpg\" class=\"attachment-post-thumbnail size-post-thumbnail wp-post-image\" alt=\"courses\" \/>\t\t\t\t\t\t<\/a>\n\t\t\t\t\t\t\t\t\t\t<\/div>\n\n\t\t\n\t\t\n\t\t<div class=\"bb-card-course-details\">\n\t\t\t<div class=\"course-lesson-count\">4 Moduler<\/div>\t\t\t<h2 class=\"bb-course-title\">\n\t\t\t\t<a href=\"https:\/\/dcare.training\/da\/courses\/uddannelseskursus-for-professionelle-omsorgspersoner-til-mennesker-med-demens\/\">Uddannelseskursus for professionelle omsorgspersoner til mennesker med demens<\/a>\n\t\t\t<\/h2>\n\t\t\t\t\t\t\t<p class=\"entry-content\">Introduktion I alle lande med en aldrende befolkning stiger antallet af mennesker, der lever med eller er i risiko for&hellip;<\/p>\n\t\t\t\t\t\t\t\t<div class=\"course-progress-wrap\">\n\t\t\t\t\t\t<div class=\"ld-progress ld-progress-inline\">\n\t\t\t\t\t<div class=\"ld-progress-heading\">\n\t\t\t\t\t\t\t<\/div>\n\n\t\t\t<div class=\"ld-progress-bar\">\n\t\t\t\t<div class=\"ld-progress-bar-percentage ld-secondary-background\" style=\"width:0%\"><\/div>\n\t\t\t<\/div>\n\t\t\t<div class=\"ld-progress-stats\">\n\t\t\t\t<div class=\"ld-progress-percentage ld-secondary-color course-completion-rate\">\n\t\t\t\t\t0% Afslut\t\t\t\t<\/div>\n\t\t\t\t<div class=\"ld-progress-steps\">\n\t\t\t\t\t0\/0 Trin\t\t\t\t<\/div>\n\t\t\t<\/div> <!--\/.ld-progress-stats-->\n\t\t\t\t<\/div> <!--\/.ld-progress-->\n\t\t\t\t\t<\/div>\n\t\t\t\t                <p class=\"ld_course_grid_button\"><a class=\"btn btn-primary\" role=\"button\" href=\"https:\/\/dcare.training\/da\/courses\/uddannelseskursus-for-professionelle-omsorgspersoner-til-mennesker-med-demens\/\" rel=\"bookmark\">See more...<\/a><\/p>\n\t\t\t\t\n\t\t<\/div><!-- .entry-header -->\n\t<\/div><!-- #post-## -->\n<\/div>\n<div class=\"ld_course_grid col-sm-12 col-md-6  bb-course-item-wrap\">\n\n\t<div class=\"bb-cover-list-item  \">\n\t\t\n\t\t\t\t<div class=\"bb-course-cover \">\n\t\t\t\t<div class=\"ld-status  free ld-secondary-background\">trainers only<\/div>\t\t\t\t\t\t<a title=\"Undervisningsforl\u00f8b for undervisere\" href=\"https:\/\/dcare.training\/da\/courses\/undervisningsforloeb-for-undervisere\/\" class=\"bb-cover-wrap\">\n\t\t\t\t\t\t\t<img loading=\"lazy\" decoding=\"async\" width=\"300\" height=\"200\" src=\"https:\/\/dcare.training\/wp-content\/uploads\/2020\/06\/Dcare-Trainers-Course02.jpg\" class=\"attachment-post-thumbnail size-post-thumbnail wp-post-image\" alt=\"courses\" \/>\t\t\t\t\t\t<\/a>\n\t\t\t\t\t\t\t\t\t\t<\/div>\n\n\t\t\n\t\t\n\t\t<div class=\"bb-card-course-details\">\n\t\t\t<div class=\"course-lesson-count\">6 Moduler<\/div>\t\t\t<h2 class=\"bb-course-title\">\n\t\t\t\t<a href=\"https:\/\/dcare.training\/da\/courses\/undervisningsforloeb-for-undervisere\/\">Undervisningsforl\u00f8b for undervisere<\/a>\n\t\t\t<\/h2>\n\t\t\t\t\t\t\t<p class=\"entry-content\">Alle de n\u00f8dvendige oplysninger, som en underviser i dette projekt har brug for. Tilmeld dig og l\u00e6r hvordan du underviser&hellip;<\/p>\n\t\t\t\t\t\t\t\t<div class=\"course-progress-wrap\">\n\t\t\t\t\t\t<div class=\"ld-progress ld-progress-inline\">\n\t\t\t\t\t<div class=\"ld-progress-heading\">\n\t\t\t\t\t\t\t<\/div>\n\n\t\t\t<div class=\"ld-progress-bar\">\n\t\t\t\t<div class=\"ld-progress-bar-percentage ld-secondary-background\" style=\"width:0%\"><\/div>\n\t\t\t<\/div>\n\t\t\t<div class=\"ld-progress-stats\">\n\t\t\t\t<div class=\"ld-progress-percentage ld-secondary-color course-completion-rate\">\n\t\t\t\t\t0% Afslut\t\t\t\t<\/div>\n\t\t\t\t<div class=\"ld-progress-steps\">\n\t\t\t\t\t0\/0 Trin\t\t\t\t<\/div>\n\t\t\t<\/div> <!--\/.ld-progress-stats-->\n\t\t\t\t<\/div> <!--\/.ld-progress-->\n\t\t\t\t\t<\/div>\n\t\t\t\t                <p class=\"ld_course_grid_button\"><a class=\"btn btn-primary\" role=\"button\" href=\"https:\/\/dcare.training\/da\/courses\/undervisningsforloeb-for-undervisere\/\" rel=\"bookmark\">trainers only<\/a><\/p>\n\t\t\t\t\n\t\t<\/div><!-- .entry-header -->\n\t<\/div><!-- #post-## -->\n<\/div>\n\t<\/div>\n\t\t\t<\/div>\n\t\t[\/vc_column_text][\/vc_column][vc_column width=&#8221;1\/6&#8243;][\/vc_column][\/vc_row]<\/p>\n","protected":false},"excerpt":{"rendered":"<p>[vc_row][vc_column width=&#8221;1\/6&#8243;][\/vc_column][vc_column width=&#8221;2\/3&#8243;][vc_column_text] V\u00e6lg din favorit! V\u00e6lg den der passer dig! Tilmeld dig blot for at starte dit yndlingsforl\u00f8b, eller log ind for at forts\u00e6tte,&hellip;<\/p>\n","protected":false},"author":1,"featured_media":0,"parent":0,"menu_order":0,"comment_status":"closed","ping_status":"closed","template":"","meta":{"footnotes":""},"class_list":["post-5335","page","type-page","status-publish","hentry"],"yoast_head":"<!-- This site is optimized with the Yoast SEO plugin v23.8 - https:\/\/yoast.com\/wordpress\/plugins\/seo\/ -->\n<title>alle kurser - Respect &amp; Respite<\/title>\n<meta name=\"robots\" content=\"index, follow, max-snippet:-1, max-image-preview:large, max-video-preview:-1\" \/>\n<link rel=\"canonical\" href=\"https:\/\/dcare.training\/da\/alle-kurser\/\" \/>\n<meta property=\"og:locale\" content=\"da_DK\" \/>\n<meta property=\"og:type\" content=\"article\" \/>\n<meta property=\"og:title\" content=\"alle kurser - Respect &amp; Respite\" \/>\n<meta property=\"og:description\" content=\"[vc_row][vc_column width=&#8221;1\/6&#8243;][\/vc_column][vc_column width=&#8221;2\/3&#8243;][vc_column_text] V\u00e6lg din favorit! V\u00e6lg den der passer dig! Tilmeld dig blot for at starte dit yndlingsforl\u00f8b, eller log ind for at forts\u00e6tte,&hellip;\" \/>\n<meta property=\"og:url\" content=\"https:\/\/dcare.training\/da\/alle-kurser\/\" \/>\n<meta property=\"og:site_name\" content=\"Respect &amp; Respite\" \/>\n<meta property=\"article:publisher\" content=\"https:\/\/www.facebook.com\/D-Care-Training-101814894692912\/\" \/>\n<meta property=\"article:modified_time\" content=\"2021-10-20T07:33:38+00:00\" \/>\n<meta name=\"twitter:card\" content=\"summary_large_image\" \/>\n<script type=\"application\/ld+json\" class=\"yoast-schema-graph\">{\"@context\":\"https:\/\/schema.org\",\"@graph\":[{\"@type\":\"WebPage\",\"@id\":\"https:\/\/dcare.training\/da\/alle-kurser\/\",\"url\":\"https:\/\/dcare.training\/da\/alle-kurser\/\",\"name\":\"alle kurser - Respect & Respite\",\"isPartOf\":{\"@id\":\"https:\/\/dcare.training\/#website\"},\"datePublished\":\"2021-10-20T07:33:37+00:00\",\"dateModified\":\"2021-10-20T07:33:38+00:00\",\"breadcrumb\":{\"@id\":\"https:\/\/dcare.training\/da\/alle-kurser\/#breadcrumb\"},\"inLanguage\":\"da-DK\",\"potentialAction\":[{\"@type\":\"ReadAction\",\"target\":[\"https:\/\/dcare.training\/da\/alle-kurser\/\"]}]},{\"@type\":\"BreadcrumbList\",\"@id\":\"https:\/\/dcare.training\/da\/alle-kurser\/#breadcrumb\",\"itemListElement\":[{\"@type\":\"ListItem\",\"position\":1,\"name\":\"Home\",\"item\":\"https:\/\/dcare.training\/\"},{\"@type\":\"ListItem\",\"position\":2,\"name\":\"alle kurser\"}]},{\"@type\":\"WebSite\",\"@id\":\"https:\/\/dcare.training\/#website\",\"url\":\"https:\/\/dcare.training\/\",\"name\":\"D-care | Respect & Respite\",\"description\":\"D CARE\",\"publisher\":{\"@id\":\"https:\/\/dcare.training\/#organization\"},\"potentialAction\":[{\"@type\":\"SearchAction\",\"target\":{\"@type\":\"EntryPoint\",\"urlTemplate\":\"https:\/\/dcare.training\/?s={search_term_string}\"},\"query-input\":{\"@type\":\"PropertyValueSpecification\",\"valueRequired\":true,\"valueName\":\"search_term_string\"}}],\"inLanguage\":\"da-DK\"},{\"@type\":\"Organization\",\"@id\":\"https:\/\/dcare.training\/#organization\",\"name\":\"D-care\",\"url\":\"https:\/\/dcare.training\/\",\"logo\":{\"@type\":\"ImageObject\",\"inLanguage\":\"da-DK\",\"@id\":\"https:\/\/dcare.training\/#\/schema\/logo\/image\/\",\"url\":\"https:\/\/dcare.training\/wp-content\/uploads\/2019\/12\/D-care-Logo-300px.png\",\"contentUrl\":\"https:\/\/dcare.training\/wp-content\/uploads\/2019\/12\/D-care-Logo-300px.png\",\"width\":300,\"height\":300,\"caption\":\"D-care\"},\"image\":{\"@id\":\"https:\/\/dcare.training\/#\/schema\/logo\/image\/\"},\"sameAs\":[\"https:\/\/www.facebook.com\/D-Care-Training-101814894692912\/\"]}]}<\/script>\n<!-- \/ Yoast SEO plugin. -->","yoast_head_json":{"title":"alle kurser - Respect & Respite","robots":{"index":"index","follow":"follow","max-snippet":"max-snippet:-1","max-image-preview":"max-image-preview:large","max-video-preview":"max-video-preview:-1"},"canonical":"https:\/\/dcare.training\/da\/alle-kurser\/","og_locale":"da_DK","og_type":"article","og_title":"alle kurser - Respect & Respite","og_description":"[vc_row][vc_column width=&#8221;1\/6&#8243;][\/vc_column][vc_column width=&#8221;2\/3&#8243;][vc_column_text] V\u00e6lg din favorit! V\u00e6lg den der passer dig! Tilmeld dig blot for at starte dit yndlingsforl\u00f8b, eller log ind for at forts\u00e6tte,&hellip;","og_url":"https:\/\/dcare.training\/da\/alle-kurser\/","og_site_name":"Respect & Respite","article_publisher":"https:\/\/www.facebook.com\/D-Care-Training-101814894692912\/","article_modified_time":"2021-10-20T07:33:38+00:00","twitter_card":"summary_large_image","schema":{"@context":"https:\/\/schema.org","@graph":[{"@type":"WebPage","@id":"https:\/\/dcare.training\/da\/alle-kurser\/","url":"https:\/\/dcare.training\/da\/alle-kurser\/","name":"alle kurser - Respect & Respite","isPartOf":{"@id":"https:\/\/dcare.training\/#website"},"datePublished":"2021-10-20T07:33:37+00:00","dateModified":"2021-10-20T07:33:38+00:00","breadcrumb":{"@id":"https:\/\/dcare.training\/da\/alle-kurser\/#breadcrumb"},"inLanguage":"da-DK","potentialAction":[{"@type":"ReadAction","target":["https:\/\/dcare.training\/da\/alle-kurser\/"]}]},{"@type":"BreadcrumbList","@id":"https:\/\/dcare.training\/da\/alle-kurser\/#breadcrumb","itemListElement":[{"@type":"ListItem","position":1,"name":"Home","item":"https:\/\/dcare.training\/"},{"@type":"ListItem","position":2,"name":"alle kurser"}]},{"@type":"WebSite","@id":"https:\/\/dcare.training\/#website","url":"https:\/\/dcare.training\/","name":"D-care | Respect & Respite","description":"D CARE","publisher":{"@id":"https:\/\/dcare.training\/#organization"},"potentialAction":[{"@type":"SearchAction","target":{"@type":"EntryPoint","urlTemplate":"https:\/\/dcare.training\/?s={search_term_string}"},"query-input":{"@type":"PropertyValueSpecification","valueRequired":true,"valueName":"search_term_string"}}],"inLanguage":"da-DK"},{"@type":"Organization","@id":"https:\/\/dcare.training\/#organization","name":"D-care","url":"https:\/\/dcare.training\/","logo":{"@type":"ImageObject","inLanguage":"da-DK","@id":"https:\/\/dcare.training\/#\/schema\/logo\/image\/","url":"https:\/\/dcare.training\/wp-content\/uploads\/2019\/12\/D-care-Logo-300px.png","contentUrl":"https:\/\/dcare.training\/wp-content\/uploads\/2019\/12\/D-care-Logo-300px.png","width":300,"height":300,"caption":"D-care"},"image":{"@id":"https:\/\/dcare.training\/#\/schema\/logo\/image\/"},"sameAs":["https:\/\/www.facebook.com\/D-Care-Training-101814894692912\/"]}]}},"_links":{"self":[{"href":"https:\/\/dcare.training\/da\/wp-json\/wp\/v2\/pages\/5335"}],"collection":[{"href":"https:\/\/dcare.training\/da\/wp-json\/wp\/v2\/pages"}],"about":[{"href":"https:\/\/dcare.training\/da\/wp-json\/wp\/v2\/types\/page"}],"author":[{"embeddable":true,"href":"https:\/\/dcare.training\/da\/wp-json\/wp\/v2\/users\/1"}],"replies":[{"embeddable":true,"href":"https:\/\/dcare.training\/da\/wp-json\/wp\/v2\/comments?post=5335"}],"version-history":[{"count":0,"href":"https:\/\/dcare.training\/da\/wp-json\/wp\/v2\/pages\/5335\/revisions"}],"wp:attachment":[{"href":"https:\/\/dcare.training\/da\/wp-json\/wp\/v2\/media?parent=5335"}],"curies":[{"name":"wp","href":"https:\/\/api.w.org\/{rel}","templated":true}]}}