{"id":8658,"date":"2022-08-25T11:58:43","date_gmt":"2022-08-25T11:58:43","guid":{"rendered":"https:\/\/dcare.training\/level-1-developing-improving\/"},"modified":"2022-08-25T11:58:43","modified_gmt":"2022-08-25T11:58:43","slug":"level-1-developing-improving","status":"publish","type":"page","link":"https:\/\/dcare.training\/da\/level-1-developing-improving\/","title":{"rendered":"LEVEL 1 \u2013 DEVELOPING, IMPROVING"},"content":{"rendered":"<h3 style=\"text-align: justify;\">NIVEAU 1 -UDVIKLING, FORBEDRING<\/h3>\n<p style=\"text-align: justify;\"><em><img loading=\"lazy\" decoding=\"async\" class=\"alignright wp-image-7750\" src=\"https:\/\/dcare.training\/wp-content\/uploads\/2022\/06\/image-Level-1.png\" alt=\"\" width=\"400\" height=\"400\" srcset=\"https:\/\/dcare.training\/wp-content\/uploads\/2022\/06\/image-Level-1.png 1000w, https:\/\/dcare.training\/wp-content\/uploads\/2022\/06\/image-Level-1-300x300.png 300w, https:\/\/dcare.training\/wp-content\/uploads\/2022\/06\/image-Level-1-150x150.png 150w, https:\/\/dcare.training\/wp-content\/uploads\/2022\/06\/image-Level-1-768x768.png 768w, https:\/\/dcare.training\/wp-content\/uploads\/2022\/06\/image-Level-1-624x624.png 624w\" sizes=\"(max-width: 400px) 100vw, 400px\" \/>Tillykke med det! Du har gennemf\u00f8rt sp\u00f8rgeskemaet om selvevaluering med succes!<\/em><\/p>\n<p style=\"text-align: justify;\"><em>If\u00f8lge dine svar er du nybegynder i omsorgen foren person med demens. Du skal bruge mere tid p\u00e5 at f\u00e5 mere erfaring, og det vil v\u00e6re en god id\u00e9 at gemme resultaterne fra denne selvevaluering og genoptage online-l\u00e6ringen om et par uger; p\u00e5 dette senere tidspunkt b\u00f8r selvevalueringen v\u00e6re p\u00e5 et h\u00f8jere niveau.<\/em><\/p>\n<p style=\"text-align: justify;\"><em>Dette niveau viser, at du har brug for at opkvalificere dig selv, s\u00e5 du kan opdage muligheder og generere id\u00e9er vedr\u00f8rende dine omsorgsf\u00e6rdigheder og kompetencer. Du b\u00f8r fokusere p\u00e5 at forbedre dine individuelle f\u00e6rdigheder og ogs\u00e5 dine f\u00e6rdigheder i at kommunikere. Du har m\u00e5ske entusiasme til at yde omsorg for personer meddemens, men du skal arbejde mere med teknikker, metoder, parametre og ressourcer.<\/em><\/p>\n<p style=\"text-align: justify;\"><em>Hvis du \u00f8nsker at forbedre og styrke din viden, dine kompetencer og f\u00e6rdigheder yderligere og tage n\u00e6ste niveau(er), foresl\u00e5r vi, at du regelm\u00e6ssigt bes\u00f8ger projektets websted: D-Care Training.<\/em><\/p>\n<p style=\"text-align: justify;\"><em>Du kan finde mange gode ressourcer i vores gratis kursus om mange aspekter af demensomsorgenog f\u00e6rdigt materiale i den s\u00e6rlige uddannelsesv\u00e6rkt\u00f8jskasse, som vi har udarbejdet til dig!<\/em><\/p>\n","protected":false},"excerpt":{"rendered":"<p>NIVEAU 1 -UDVIKLING, FORBEDRING Tillykke med det! Du har gennemf\u00f8rt sp\u00f8rgeskemaet om selvevaluering med succes! If\u00f8lge dine svar er du nybegynder i omsorgen foren person&hellip;<\/p>\n","protected":false},"author":76,"featured_media":0,"parent":0,"menu_order":0,"comment_status":"closed","ping_status":"closed","template":"","meta":{"footnotes":""},"class_list":["post-8658","page","type-page","status-publish","hentry"],"yoast_head":"<!-- This site is optimized with the Yoast SEO plugin v23.8 - https:\/\/yoast.com\/wordpress\/plugins\/seo\/ -->\n<title>LEVEL 1 \u2013 DEVELOPING, IMPROVING - Respect &amp; Respite<\/title>\n<meta name=\"robots\" content=\"index, follow, max-snippet:-1, max-image-preview:large, max-video-preview:-1\" \/>\n<link rel=\"canonical\" href=\"https:\/\/dcare.training\/level-1-developing-improving\/\" \/>\n<meta property=\"og:locale\" content=\"da_DK\" \/>\n<meta property=\"og:type\" content=\"article\" \/>\n<meta property=\"og:title\" content=\"LEVEL 1 \u2013 DEVELOPING, IMPROVING - Respect &amp; Respite\" \/>\n<meta property=\"og:description\" content=\"NIVEAU 1 -UDVIKLING, FORBEDRING Tillykke med det! Du har gennemf\u00f8rt sp\u00f8rgeskemaet om selvevaluering med succes! If\u00f8lge dine svar er du nybegynder i omsorgen foren person&hellip;\" \/>\n<meta property=\"og:url\" content=\"https:\/\/dcare.training\/level-1-developing-improving\/\" \/>\n<meta property=\"og:site_name\" content=\"Respect &amp; Respite\" \/>\n<meta property=\"article:publisher\" content=\"https:\/\/www.facebook.com\/D-Care-Training-101814894692912\/\" \/>\n<meta property=\"og:image\" content=\"https:\/\/dcare.training\/wp-content\/uploads\/2022\/06\/image-Level-1.png\" \/>\n<meta name=\"twitter:card\" content=\"summary_large_image\" \/>\n<meta name=\"twitter:label1\" content=\"Estimeret l\u00e6setid\" \/>\n\t<meta name=\"twitter:data1\" content=\"1 minut\" \/>\n<script type=\"application\/ld+json\" class=\"yoast-schema-graph\">{\"@context\":\"https:\/\/schema.org\",\"@graph\":[{\"@type\":\"WebPage\",\"@id\":\"https:\/\/dcare.training\/level-1-developing-improving\/\",\"url\":\"https:\/\/dcare.training\/level-1-developing-improving\/\",\"name\":\"LEVEL 1 \u2013 DEVELOPING, IMPROVING - Respect & Respite\",\"isPartOf\":{\"@id\":\"https:\/\/dcare.training\/#website\"},\"primaryImageOfPage\":{\"@id\":\"https:\/\/dcare.training\/level-1-developing-improving\/#primaryimage\"},\"image\":{\"@id\":\"https:\/\/dcare.training\/level-1-developing-improving\/#primaryimage\"},\"thumbnailUrl\":\"https:\/\/dcare.training\/wp-content\/uploads\/2022\/06\/image-Level-1.png\",\"datePublished\":\"2022-08-25T11:58:43+00:00\",\"dateModified\":\"2022-08-25T11:58:43+00:00\",\"breadcrumb\":{\"@id\":\"https:\/\/dcare.training\/level-1-developing-improving\/#breadcrumb\"},\"inLanguage\":\"da-DK\",\"potentialAction\":[{\"@type\":\"ReadAction\",\"target\":[\"https:\/\/dcare.training\/level-1-developing-improving\/\"]}]},{\"@type\":\"ImageObject\",\"inLanguage\":\"da-DK\",\"@id\":\"https:\/\/dcare.training\/level-1-developing-improving\/#primaryimage\",\"url\":\"https:\/\/dcare.training\/wp-content\/uploads\/2022\/06\/image-Level-1.png\",\"contentUrl\":\"https:\/\/dcare.training\/wp-content\/uploads\/2022\/06\/image-Level-1.png\"},{\"@type\":\"BreadcrumbList\",\"@id\":\"https:\/\/dcare.training\/level-1-developing-improving\/#breadcrumb\",\"itemListElement\":[{\"@type\":\"ListItem\",\"position\":1,\"name\":\"Home\",\"item\":\"https:\/\/dcare.training\/\"},{\"@type\":\"ListItem\",\"position\":2,\"name\":\"LEVEL 1 \u2013 DEVELOPING, IMPROVING\"}]},{\"@type\":\"WebSite\",\"@id\":\"https:\/\/dcare.training\/#website\",\"url\":\"https:\/\/dcare.training\/\",\"name\":\"D-care | Respect & Respite\",\"description\":\"D CARE\",\"publisher\":{\"@id\":\"https:\/\/dcare.training\/#organization\"},\"potentialAction\":[{\"@type\":\"SearchAction\",\"target\":{\"@type\":\"EntryPoint\",\"urlTemplate\":\"https:\/\/dcare.training\/?s={search_term_string}\"},\"query-input\":{\"@type\":\"PropertyValueSpecification\",\"valueRequired\":true,\"valueName\":\"search_term_string\"}}],\"inLanguage\":\"da-DK\"},{\"@type\":\"Organization\",\"@id\":\"https:\/\/dcare.training\/#organization\",\"name\":\"D-care\",\"url\":\"https:\/\/dcare.training\/\",\"logo\":{\"@type\":\"ImageObject\",\"inLanguage\":\"da-DK\",\"@id\":\"https:\/\/dcare.training\/#\/schema\/logo\/image\/\",\"url\":\"https:\/\/dcare.training\/wp-content\/uploads\/2019\/12\/D-care-Logo-300px.png\",\"contentUrl\":\"https:\/\/dcare.training\/wp-content\/uploads\/2019\/12\/D-care-Logo-300px.png\",\"width\":300,\"height\":300,\"caption\":\"D-care\"},\"image\":{\"@id\":\"https:\/\/dcare.training\/#\/schema\/logo\/image\/\"},\"sameAs\":[\"https:\/\/www.facebook.com\/D-Care-Training-101814894692912\/\"]}]}<\/script>\n<!-- \/ Yoast SEO plugin. -->","yoast_head_json":{"title":"LEVEL 1 \u2013 DEVELOPING, IMPROVING - Respect & Respite","robots":{"index":"index","follow":"follow","max-snippet":"max-snippet:-1","max-image-preview":"max-image-preview:large","max-video-preview":"max-video-preview:-1"},"canonical":"https:\/\/dcare.training\/level-1-developing-improving\/","og_locale":"da_DK","og_type":"article","og_title":"LEVEL 1 \u2013 DEVELOPING, IMPROVING - Respect & Respite","og_description":"NIVEAU 1 -UDVIKLING, FORBEDRING Tillykke med det! Du har gennemf\u00f8rt sp\u00f8rgeskemaet om selvevaluering med succes! If\u00f8lge dine svar er du nybegynder i omsorgen foren person&hellip;","og_url":"https:\/\/dcare.training\/level-1-developing-improving\/","og_site_name":"Respect & Respite","article_publisher":"https:\/\/www.facebook.com\/D-Care-Training-101814894692912\/","og_image":[{"url":"https:\/\/dcare.training\/wp-content\/uploads\/2022\/06\/image-Level-1.png"}],"twitter_card":"summary_large_image","twitter_misc":{"Estimeret l\u00e6setid":"1 minut"},"schema":{"@context":"https:\/\/schema.org","@graph":[{"@type":"WebPage","@id":"https:\/\/dcare.training\/level-1-developing-improving\/","url":"https:\/\/dcare.training\/level-1-developing-improving\/","name":"LEVEL 1 \u2013 DEVELOPING, IMPROVING - Respect & Respite","isPartOf":{"@id":"https:\/\/dcare.training\/#website"},"primaryImageOfPage":{"@id":"https:\/\/dcare.training\/level-1-developing-improving\/#primaryimage"},"image":{"@id":"https:\/\/dcare.training\/level-1-developing-improving\/#primaryimage"},"thumbnailUrl":"https:\/\/dcare.training\/wp-content\/uploads\/2022\/06\/image-Level-1.png","datePublished":"2022-08-25T11:58:43+00:00","dateModified":"2022-08-25T11:58:43+00:00","breadcrumb":{"@id":"https:\/\/dcare.training\/level-1-developing-improving\/#breadcrumb"},"inLanguage":"da-DK","potentialAction":[{"@type":"ReadAction","target":["https:\/\/dcare.training\/level-1-developing-improving\/"]}]},{"@type":"ImageObject","inLanguage":"da-DK","@id":"https:\/\/dcare.training\/level-1-developing-improving\/#primaryimage","url":"https:\/\/dcare.training\/wp-content\/uploads\/2022\/06\/image-Level-1.png","contentUrl":"https:\/\/dcare.training\/wp-content\/uploads\/2022\/06\/image-Level-1.png"},{"@type":"BreadcrumbList","@id":"https:\/\/dcare.training\/level-1-developing-improving\/#breadcrumb","itemListElement":[{"@type":"ListItem","position":1,"name":"Home","item":"https:\/\/dcare.training\/"},{"@type":"ListItem","position":2,"name":"LEVEL 1 \u2013 DEVELOPING, IMPROVING"}]},{"@type":"WebSite","@id":"https:\/\/dcare.training\/#website","url":"https:\/\/dcare.training\/","name":"D-care | Respect & Respite","description":"D CARE","publisher":{"@id":"https:\/\/dcare.training\/#organization"},"potentialAction":[{"@type":"SearchAction","target":{"@type":"EntryPoint","urlTemplate":"https:\/\/dcare.training\/?s={search_term_string}"},"query-input":{"@type":"PropertyValueSpecification","valueRequired":true,"valueName":"search_term_string"}}],"inLanguage":"da-DK"},{"@type":"Organization","@id":"https:\/\/dcare.training\/#organization","name":"D-care","url":"https:\/\/dcare.training\/","logo":{"@type":"ImageObject","inLanguage":"da-DK","@id":"https:\/\/dcare.training\/#\/schema\/logo\/image\/","url":"https:\/\/dcare.training\/wp-content\/uploads\/2019\/12\/D-care-Logo-300px.png","contentUrl":"https:\/\/dcare.training\/wp-content\/uploads\/2019\/12\/D-care-Logo-300px.png","width":300,"height":300,"caption":"D-care"},"image":{"@id":"https:\/\/dcare.training\/#\/schema\/logo\/image\/"},"sameAs":["https:\/\/www.facebook.com\/D-Care-Training-101814894692912\/"]}]}},"_links":{"self":[{"href":"https:\/\/dcare.training\/da\/wp-json\/wp\/v2\/pages\/8658"}],"collection":[{"href":"https:\/\/dcare.training\/da\/wp-json\/wp\/v2\/pages"}],"about":[{"href":"https:\/\/dcare.training\/da\/wp-json\/wp\/v2\/types\/page"}],"author":[{"embeddable":true,"href":"https:\/\/dcare.training\/da\/wp-json\/wp\/v2\/users\/76"}],"replies":[{"embeddable":true,"href":"https:\/\/dcare.training\/da\/wp-json\/wp\/v2\/comments?post=8658"}],"version-history":[{"count":0,"href":"https:\/\/dcare.training\/da\/wp-json\/wp\/v2\/pages\/8658\/revisions"}],"wp:attachment":[{"href":"https:\/\/dcare.training\/da\/wp-json\/wp\/v2\/media?parent=8658"}],"curies":[{"name":"wp","href":"https:\/\/api.w.org\/{rel}","templated":true}]}}