{"id":8659,"date":"2022-08-25T12:01:46","date_gmt":"2022-08-25T12:01:46","guid":{"rendered":"https:\/\/dcare.training\/niveau-2-god-solid-praestation\/"},"modified":"2022-08-25T12:01:46","modified_gmt":"2022-08-25T12:01:46","slug":"niveau-2-god-solid-praestation","status":"publish","type":"page","link":"https:\/\/dcare.training\/da\/niveau-2-god-solid-praestation\/","title":{"rendered":"NIVEAU 2 \u2013GOD, SOLID PR\u00c6STATION"},"content":{"rendered":"<h3 style=\"text-align: justify;\"><em>NIVEAU 2 <\/em><em>\u2013 GOD, SOLID PR\u00c6STATION<\/em><\/h3>\n<p style=\"text-align: justify;\"><em>Tillykke med det! Du har gennemf\u00f8rt sp\u00f8rgeskemaet om selvevaluering med succes!<\/em><\/p>\n<p style=\"text-align: justify;\"><em><img loading=\"lazy\" decoding=\"async\" class=\"alignright wp-image-7760\" src=\"https:\/\/dcare.training\/wp-content\/uploads\/2022\/06\/image-Level-3.png\" alt=\"\" width=\"400\" height=\"400\" srcset=\"https:\/\/dcare.training\/wp-content\/uploads\/2022\/06\/image-Level-3.png 1000w, https:\/\/dcare.training\/wp-content\/uploads\/2022\/06\/image-Level-3-300x300.png 300w, https:\/\/dcare.training\/wp-content\/uploads\/2022\/06\/image-Level-3-150x150.png 150w, https:\/\/dcare.training\/wp-content\/uploads\/2022\/06\/image-Level-3-768x768.png 768w, https:\/\/dcare.training\/wp-content\/uploads\/2022\/06\/image-Level-3-624x624.png 624w\" sizes=\"(max-width: 400px) 100vw, 400px\" \/>Du kan finde mange gode ressourcer i vores gratis kursus om omsorg foren person, der lever med demens, og f\u00e6rdigt materiale i den s\u00e6rlige tr\u00e6ningsv\u00e6rkt\u00f8jskasse, som vi har udarbejdet til dig!<\/em><\/p>\n<p style=\"text-align: justify;\"><em>If\u00f8lge dine svar er resultatet for dine kompetencer at du ligger i \u201dmiddel-omr\u00e5det\u201d! <\/em><\/p>\n<p style=\"text-align: justify;\"><em>P\u00e5 dette punkt udnytter du dine styrker og svagheder bedst muligt, og du t\u00f8ver ikke med at l\u00e6gge alle dine kr\u00e6fter og alle forskellige former for ressourcer i din vision om at skabe v\u00e6rdi, n\u00e5r du tager dig af andre.<\/em><\/p>\n<p style=\"text-align: justify;\"><em>Du kan vurdere alternative muligheder og v\u00e6lge, hvad du virkelig \u00f8nsker at g\u00f8re, du kan arbejde sammen med forskellige grupper og netv\u00e6rk, reflektere over og evaluere dine resultater og\/eller fiaskoer og drage fordel af begge dele. Du er ganske dygtig til at planl\u00e6gge omsorgen for de personer, som du er involveret med, og hj\u00e6lpe dem med at opn\u00e5 resultater.<\/em><\/p>\n<p style=\"text-align: justify;\"><em>Hvis du \u00f8nsker at forbedre og styrke dine kompetencer og f\u00e6rdigheder yderligere, tage dem til det n\u00e6ste niveau og\/eller holde dig orienteret om demensomsorg, herunder kognitiv stimulationsterapi (CST), foresl\u00e5r vi, at du regelm\u00e6ssigt bes\u00f8ger projektets websted: <a href=\"https:\/\/dcare.training\/da\/courses\">https:\/\/dcare.training\/da\/courses<\/a><\/em><\/p>\n","protected":false},"excerpt":{"rendered":"<p>NIVEAU 2 \u2013 GOD, SOLID PR\u00c6STATION Tillykke med det! Du har gennemf\u00f8rt sp\u00f8rgeskemaet om selvevaluering med succes! Du kan finde mange gode ressourcer i vores&hellip;<\/p>\n","protected":false},"author":76,"featured_media":0,"parent":0,"menu_order":0,"comment_status":"closed","ping_status":"closed","template":"","meta":{"footnotes":""},"class_list":["post-8659","page","type-page","status-publish","hentry"],"yoast_head":"<!-- This site is optimized with the Yoast SEO plugin v23.8 - https:\/\/yoast.com\/wordpress\/plugins\/seo\/ -->\n<title>NIVEAU 2 \u2013GOD, SOLID PR\u00c6STATION - Respect &amp; Respite<\/title>\n<meta name=\"robots\" content=\"index, follow, max-snippet:-1, max-image-preview:large, max-video-preview:-1\" \/>\n<link rel=\"canonical\" href=\"https:\/\/dcare.training\/niveau-2-god-solid-praestation\/\" \/>\n<meta property=\"og:locale\" content=\"da_DK\" \/>\n<meta property=\"og:type\" content=\"article\" \/>\n<meta property=\"og:title\" content=\"NIVEAU 2 \u2013GOD, SOLID PR\u00c6STATION - Respect &amp; Respite\" \/>\n<meta property=\"og:description\" content=\"NIVEAU 2 \u2013 GOD, SOLID PR\u00c6STATION Tillykke med det! Du har gennemf\u00f8rt sp\u00f8rgeskemaet om selvevaluering med succes! Du kan finde mange gode ressourcer i vores&hellip;\" \/>\n<meta property=\"og:url\" content=\"https:\/\/dcare.training\/niveau-2-god-solid-praestation\/\" \/>\n<meta property=\"og:site_name\" content=\"Respect &amp; Respite\" \/>\n<meta property=\"article:publisher\" content=\"https:\/\/www.facebook.com\/D-Care-Training-101814894692912\/\" \/>\n<meta property=\"og:image\" content=\"https:\/\/dcare.training\/wp-content\/uploads\/2022\/06\/image-Level-3.png\" \/>\n<meta name=\"twitter:card\" content=\"summary_large_image\" \/>\n<meta name=\"twitter:label1\" content=\"Estimeret l\u00e6setid\" \/>\n\t<meta name=\"twitter:data1\" content=\"1 minut\" \/>\n<script type=\"application\/ld+json\" class=\"yoast-schema-graph\">{\"@context\":\"https:\/\/schema.org\",\"@graph\":[{\"@type\":\"WebPage\",\"@id\":\"https:\/\/dcare.training\/niveau-2-god-solid-praestation\/\",\"url\":\"https:\/\/dcare.training\/niveau-2-god-solid-praestation\/\",\"name\":\"NIVEAU 2 \u2013GOD, SOLID PR\u00c6STATION - Respect & Respite\",\"isPartOf\":{\"@id\":\"https:\/\/dcare.training\/#website\"},\"primaryImageOfPage\":{\"@id\":\"https:\/\/dcare.training\/niveau-2-god-solid-praestation\/#primaryimage\"},\"image\":{\"@id\":\"https:\/\/dcare.training\/niveau-2-god-solid-praestation\/#primaryimage\"},\"thumbnailUrl\":\"https:\/\/dcare.training\/wp-content\/uploads\/2022\/06\/image-Level-3.png\",\"datePublished\":\"2022-08-25T12:01:46+00:00\",\"dateModified\":\"2022-08-25T12:01:46+00:00\",\"breadcrumb\":{\"@id\":\"https:\/\/dcare.training\/niveau-2-god-solid-praestation\/#breadcrumb\"},\"inLanguage\":\"da-DK\",\"potentialAction\":[{\"@type\":\"ReadAction\",\"target\":[\"https:\/\/dcare.training\/niveau-2-god-solid-praestation\/\"]}]},{\"@type\":\"ImageObject\",\"inLanguage\":\"da-DK\",\"@id\":\"https:\/\/dcare.training\/niveau-2-god-solid-praestation\/#primaryimage\",\"url\":\"https:\/\/dcare.training\/wp-content\/uploads\/2022\/06\/image-Level-3.png\",\"contentUrl\":\"https:\/\/dcare.training\/wp-content\/uploads\/2022\/06\/image-Level-3.png\"},{\"@type\":\"BreadcrumbList\",\"@id\":\"https:\/\/dcare.training\/niveau-2-god-solid-praestation\/#breadcrumb\",\"itemListElement\":[{\"@type\":\"ListItem\",\"position\":1,\"name\":\"Home\",\"item\":\"https:\/\/dcare.training\/\"},{\"@type\":\"ListItem\",\"position\":2,\"name\":\"NIVEAU 2 \u2013GOD, SOLID PR\u00c6STATION\"}]},{\"@type\":\"WebSite\",\"@id\":\"https:\/\/dcare.training\/#website\",\"url\":\"https:\/\/dcare.training\/\",\"name\":\"D-care | Respect & Respite\",\"description\":\"D CARE\",\"publisher\":{\"@id\":\"https:\/\/dcare.training\/#organization\"},\"potentialAction\":[{\"@type\":\"SearchAction\",\"target\":{\"@type\":\"EntryPoint\",\"urlTemplate\":\"https:\/\/dcare.training\/?s={search_term_string}\"},\"query-input\":{\"@type\":\"PropertyValueSpecification\",\"valueRequired\":true,\"valueName\":\"search_term_string\"}}],\"inLanguage\":\"da-DK\"},{\"@type\":\"Organization\",\"@id\":\"https:\/\/dcare.training\/#organization\",\"name\":\"D-care\",\"url\":\"https:\/\/dcare.training\/\",\"logo\":{\"@type\":\"ImageObject\",\"inLanguage\":\"da-DK\",\"@id\":\"https:\/\/dcare.training\/#\/schema\/logo\/image\/\",\"url\":\"https:\/\/dcare.training\/wp-content\/uploads\/2019\/12\/D-care-Logo-300px.png\",\"contentUrl\":\"https:\/\/dcare.training\/wp-content\/uploads\/2019\/12\/D-care-Logo-300px.png\",\"width\":300,\"height\":300,\"caption\":\"D-care\"},\"image\":{\"@id\":\"https:\/\/dcare.training\/#\/schema\/logo\/image\/\"},\"sameAs\":[\"https:\/\/www.facebook.com\/D-Care-Training-101814894692912\/\"]}]}<\/script>\n<!-- \/ Yoast SEO plugin. -->","yoast_head_json":{"title":"NIVEAU 2 \u2013GOD, SOLID PR\u00c6STATION - Respect & Respite","robots":{"index":"index","follow":"follow","max-snippet":"max-snippet:-1","max-image-preview":"max-image-preview:large","max-video-preview":"max-video-preview:-1"},"canonical":"https:\/\/dcare.training\/niveau-2-god-solid-praestation\/","og_locale":"da_DK","og_type":"article","og_title":"NIVEAU 2 \u2013GOD, SOLID PR\u00c6STATION - Respect & Respite","og_description":"NIVEAU 2 \u2013 GOD, SOLID PR\u00c6STATION Tillykke med det! Du har gennemf\u00f8rt sp\u00f8rgeskemaet om selvevaluering med succes! Du kan finde mange gode ressourcer i vores&hellip;","og_url":"https:\/\/dcare.training\/niveau-2-god-solid-praestation\/","og_site_name":"Respect & Respite","article_publisher":"https:\/\/www.facebook.com\/D-Care-Training-101814894692912\/","og_image":[{"url":"https:\/\/dcare.training\/wp-content\/uploads\/2022\/06\/image-Level-3.png"}],"twitter_card":"summary_large_image","twitter_misc":{"Estimeret l\u00e6setid":"1 minut"},"schema":{"@context":"https:\/\/schema.org","@graph":[{"@type":"WebPage","@id":"https:\/\/dcare.training\/niveau-2-god-solid-praestation\/","url":"https:\/\/dcare.training\/niveau-2-god-solid-praestation\/","name":"NIVEAU 2 \u2013GOD, SOLID PR\u00c6STATION - Respect & Respite","isPartOf":{"@id":"https:\/\/dcare.training\/#website"},"primaryImageOfPage":{"@id":"https:\/\/dcare.training\/niveau-2-god-solid-praestation\/#primaryimage"},"image":{"@id":"https:\/\/dcare.training\/niveau-2-god-solid-praestation\/#primaryimage"},"thumbnailUrl":"https:\/\/dcare.training\/wp-content\/uploads\/2022\/06\/image-Level-3.png","datePublished":"2022-08-25T12:01:46+00:00","dateModified":"2022-08-25T12:01:46+00:00","breadcrumb":{"@id":"https:\/\/dcare.training\/niveau-2-god-solid-praestation\/#breadcrumb"},"inLanguage":"da-DK","potentialAction":[{"@type":"ReadAction","target":["https:\/\/dcare.training\/niveau-2-god-solid-praestation\/"]}]},{"@type":"ImageObject","inLanguage":"da-DK","@id":"https:\/\/dcare.training\/niveau-2-god-solid-praestation\/#primaryimage","url":"https:\/\/dcare.training\/wp-content\/uploads\/2022\/06\/image-Level-3.png","contentUrl":"https:\/\/dcare.training\/wp-content\/uploads\/2022\/06\/image-Level-3.png"},{"@type":"BreadcrumbList","@id":"https:\/\/dcare.training\/niveau-2-god-solid-praestation\/#breadcrumb","itemListElement":[{"@type":"ListItem","position":1,"name":"Home","item":"https:\/\/dcare.training\/"},{"@type":"ListItem","position":2,"name":"NIVEAU 2 \u2013GOD, SOLID PR\u00c6STATION"}]},{"@type":"WebSite","@id":"https:\/\/dcare.training\/#website","url":"https:\/\/dcare.training\/","name":"D-care | Respect & Respite","description":"D CARE","publisher":{"@id":"https:\/\/dcare.training\/#organization"},"potentialAction":[{"@type":"SearchAction","target":{"@type":"EntryPoint","urlTemplate":"https:\/\/dcare.training\/?s={search_term_string}"},"query-input":{"@type":"PropertyValueSpecification","valueRequired":true,"valueName":"search_term_string"}}],"inLanguage":"da-DK"},{"@type":"Organization","@id":"https:\/\/dcare.training\/#organization","name":"D-care","url":"https:\/\/dcare.training\/","logo":{"@type":"ImageObject","inLanguage":"da-DK","@id":"https:\/\/dcare.training\/#\/schema\/logo\/image\/","url":"https:\/\/dcare.training\/wp-content\/uploads\/2019\/12\/D-care-Logo-300px.png","contentUrl":"https:\/\/dcare.training\/wp-content\/uploads\/2019\/12\/D-care-Logo-300px.png","width":300,"height":300,"caption":"D-care"},"image":{"@id":"https:\/\/dcare.training\/#\/schema\/logo\/image\/"},"sameAs":["https:\/\/www.facebook.com\/D-Care-Training-101814894692912\/"]}]}},"_links":{"self":[{"href":"https:\/\/dcare.training\/da\/wp-json\/wp\/v2\/pages\/8659"}],"collection":[{"href":"https:\/\/dcare.training\/da\/wp-json\/wp\/v2\/pages"}],"about":[{"href":"https:\/\/dcare.training\/da\/wp-json\/wp\/v2\/types\/page"}],"author":[{"embeddable":true,"href":"https:\/\/dcare.training\/da\/wp-json\/wp\/v2\/users\/76"}],"replies":[{"embeddable":true,"href":"https:\/\/dcare.training\/da\/wp-json\/wp\/v2\/comments?post=8659"}],"version-history":[{"count":0,"href":"https:\/\/dcare.training\/da\/wp-json\/wp\/v2\/pages\/8659\/revisions"}],"wp:attachment":[{"href":"https:\/\/dcare.training\/da\/wp-json\/wp\/v2\/media?parent=8659"}],"curies":[{"name":"wp","href":"https:\/\/api.w.org\/{rel}","templated":true}]}}