{"id":697,"date":"2020-03-04T12:42:22","date_gmt":"2020-03-04T12:42:22","guid":{"rendered":"https:\/\/dcare.training\/que-es-demencia\/"},"modified":"2022-07-20T10:01:24","modified_gmt":"2022-07-20T10:01:24","slug":"que-es-demencia","status":"publish","type":"page","link":"https:\/\/dcare.training\/es\/que-es-demencia\/","title":{"rendered":"Qu\u00e9 es demencia"},"content":{"rendered":"<p>[vc_row][vc_column][vc_empty_space height=&#8221;50px&#8221;][vc_column_text]<\/p>\n<h2 style=\"text-align: center;\">Definici\u00f3n de Demencia<\/h2>\n<blockquote><p>La <strong><a href=\"https:\/\/www.alz.org\/alzheimers-dementia\/what-is-dementia\" target=\"_blank\" rel=\"noopener noreferrer\">Demencia<\/a><\/strong> es un t\u00e9rmino general para las enfermedades y condiciones caracterizadas por una disminuci\u00f3n de la memoria, el lenguaje, la resoluci\u00f3n de problemas y otras habilidades del pensamiento que afectan la capacidad de una persona para realizar actividades de la vida cotidiana. El Alzheimer es la causa m\u00e1s com\u00fan de demencia.<\/p><\/blockquote>\n<p>&nbsp;<\/p>\n<h2><img loading=\"lazy\" decoding=\"async\" class=\"wp-image-206 size-full aligncenter\" src=\"https:\/\/dcare.training\/wp-content\/uploads\/2019\/12\/dcare-granny-thinking-400px.png\" alt=\"\" width=\"400\" height=\"400\" srcset=\"https:\/\/dcare.training\/wp-content\/uploads\/2019\/12\/dcare-granny-thinking-400px.png 400w, https:\/\/dcare.training\/wp-content\/uploads\/2019\/12\/dcare-granny-thinking-400px-150x150.png 150w, https:\/\/dcare.training\/wp-content\/uploads\/2019\/12\/dcare-granny-thinking-400px-300x300.png 300w\" sizes=\"(max-width: 400px) 100vw, 400px\" \/><\/h2>\n<h2>Prevalencia de la demencia<\/h2>\n<p>Actualmente no hay cura o tratamiento que modifique la enfermedad, pero una mejora en las pol\u00edticas puede facilitar la vida de las personas con demencia y de sus familias permiti\u00e9ndoles adaptarse a la situaci\u00f3n mediante el acceso a una atenci\u00f3n sanitaria y social de calidad.<\/p>\n<p>Se calcula que en 2018 9,1 millones de personas mayores de 60 a\u00f1os padec\u00edan demencia en los Estados miembros de la UE, frente a 5,9 millones en 2000. Si la prevalencia de la demencia por edades sigue siendo la misma esta cifra seguir\u00e1 aumentando considerablemente en el futuro.<\/p>\n<p>Se estima un incremento del n\u00famero de personas con alg\u00fan tipo de demencia del 60 % durante las pr\u00f3ximas dos d\u00e9cadas hasta alcanzar los 14,3 millones en 2040 ya que las personas de edad avanzada (mayores de 90 a\u00f1os) ser\u00e1n cada vez m\u00e1s numerosas.<\/p>\n<p>La demencia aumenta r\u00e1pidamente con la edad. Mientras que tan s\u00f3lo alrededor del 1 % de las personas entre 60 y 64 a\u00f1os padecen demencia, esta proporci\u00f3n llega a casi el 40 % entre las personas mayores de 90 a\u00f1os en los pa\u00edses de la UE. La enfermedad afecta m\u00e1s a las mujeres que a los hombres en cualquier grupo de edad, y la diferencia se incrementa a edades m\u00e1s avanzadas. En conjunto, alrededor del 7 % de la poblaci\u00f3n de m\u00e1s de 60 a\u00f1os de los pa\u00edses de la UE sufri\u00f3 demencia en 2018. Se espera que esta proporci\u00f3n aumente a m\u00e1s del 8% en 2040 debido al envejecimiento de la poblaci\u00f3n. Los pa\u00edses que en la actualidad tienen un alto porcentaje de personas mayores, tienen una mayor proporci\u00f3n de personas con demencia. Italia, Francia, Grecia y Espa\u00f1a, a d\u00eda de hoy, tienen alrededor del 8% de su poblaci\u00f3n de m\u00e1s de 60 a\u00f1os viviendo con demencia, mientras que esta proporci\u00f3n es s\u00f3lo del 4% o menos en Croacia, la Rep\u00fablica Eslovaca, Bulgaria, Ruman\u00eda, Polonia, la Rep\u00fablica Checa y Hungr\u00eda.<\/p>\n<h2>El futuro<\/h2>\n<p>En las pr\u00f3ximas dos d\u00e9cadas, la demencia aumentar\u00e1 con especial rapidez en estos pa\u00edses, donde la proporci\u00f3n de personas mayores de 80 y 90 a\u00f1os crecer\u00e1 m\u00e1s r\u00e1pidamente. Sin embargo, hay algunas pruebas que demuestran que la prevalencia de la demencia por edades puede estar disminuyendo en algunos pa\u00edses (Matthews et al., 2013) y es posible reducir el riesgo de demencia mediante estilos de vida m\u00e1s saludables e intervenciones preventivas. Un reciente ensayo que inclu\u00eda dieta, ejercicio f\u00edsico y entrenamiento cognitivo, lleg\u00f3 a la conclusi\u00f3n de que las intervenciones en el estilo de vida tienen un efecto positivo en la cognici\u00f3n (Ngandu et al., 2015). Si estos esfuerzos tienen \u00e9xito, el aumento de la prevalencia puede ser menos dram\u00e1tico de lo que sugieren las cifras presentadas.<\/p>\n<blockquote><p>No obstante, la demencia sin duda plantear\u00e1 un reto creciente para todos los pa\u00edses de la UE.<\/p><\/blockquote>\n<p>La atenci\u00f3n internacional se ha centrado en el apoyo a los pa\u00edses para mejorar tanto la vida de las personas que viven con demencia, como la de sus familias y cuidadores\/as. Esto incluye una mayor atenci\u00f3n para garantizar que los\/las pacientes tengan acceso a un diagn\u00f3stico oportuno y preciso y a un apoyo post-diagn\u00f3stico adecuado. El aumento de las iniciativas que apoyan la demencia en muchos pa\u00edses de la UE &#8211; incluidas la formaci\u00f3n a los servicios sociales, a las empresas y a los\/las voluntarios\/as para reconocer los signos de demencia y responder adecuadamente, puede ayudar a reducir el estigma que rodea a esta enfermedad, especialmente para las personas que viven en su casa. No obstante, tambi\u00e9n se necesitan m\u00e1s esfuerzos para mejorar la coordinaci\u00f3n en la atenci\u00f3n para ayudar a los\/las pacientes y a sus familias a navegar por sistemas sanitarios y sociales complejos, para desarrollar modelos de atenci\u00f3n residencial adaptados a las necesidades de las personas con demencia, y mejorar la calidad de la atenci\u00f3n a las personas con demencia en los hospitales y al final de la vida (OCDE, 2018).[\/vc_column_text][vc_row_inner][vc_column_inner][vc_column_text]<\/p>\n<h3>Referencias<\/h3>\n<p><em><strong>Matthews, F.E.<\/strong> et al. (2013), \u201cA two-decade comparison of prevalence of dementia in individuals aged 65 years and older from three geographical areas of England: Results of the cognitive function and ageing Study Iand II\u201d,The Lancet, Vol. 382, No. 9902.<\/em><\/p>\n<p><em><strong>Ngandu, T.<\/strong><\/em> <em>et al. (2015), \u201cA 2 year multidomain intervention of diet, exercise, cognitive training, and vascular risk monitoring versus control to prevent cognitive decline in at-risk elderly people (FINGER): A randomised controlled trial\u201d, The Lancet, http:\/\/dx.doi.org\/10.1016\/S0140-6736(15)60461-5 .<\/em><\/p>\n<p><em><strong>OECD (2018), Care Needed<\/strong><\/em>: <em>Improving the Lives of People withDementia, OECD Health Policy Studies, OECD Publishing,Paris,https:\/\/doi.org\/10.1787\/9789264085107-en.Prince, M. et al. (2015),World Alzheimer Report 2015: The GlobalImpact of Dementia, Alzheimer\u2019s Disease International.<\/em><\/p>\n<p><em><strong>OECD\/European Union (2018)<\/strong>, \u201cDementia prevalence\u201d, in Health at a Glance: Europe 2018: State of Healthin the EU Cycle, OECD Publishing, Paris\/European Union, Brussels. DOI: https:\/\/doi.org\/10.1787\/health_glance_eur-2018-19-en<\/em>[\/vc_column_text][\/vc_column_inner][\/vc_row_inner][\/vc_column][\/vc_row]<\/p>\n","protected":false},"excerpt":{"rendered":"<p>[vc_row][vc_column][vc_empty_space height=&#8221;50px&#8221;][vc_column_text] Definici\u00f3n de Demencia La Demencia es un t\u00e9rmino general para las enfermedades y condiciones caracterizadas por una disminuci\u00f3n de la memoria, el lenguaje,&hellip;<\/p>\n","protected":false},"author":1,"featured_media":813,"parent":0,"menu_order":0,"comment_status":"closed","ping_status":"closed","template":"","meta":{"footnotes":""},"class_list":["post-697","page","type-page","status-publish","has-post-thumbnail","hentry"],"yoast_head":"<!-- This site is optimized with the Yoast SEO plugin v23.8 - https:\/\/yoast.com\/wordpress\/plugins\/seo\/ -->\n<title>Qu\u00e9 es demencia - Respect &amp; Respite<\/title>\n<meta name=\"robots\" content=\"index, follow, max-snippet:-1, max-image-preview:large, max-video-preview:-1\" \/>\n<link rel=\"canonical\" href=\"https:\/\/dcare.training\/es\/que-es-demencia\/\" \/>\n<meta property=\"og:locale\" content=\"es_ES\" \/>\n<meta property=\"og:type\" content=\"article\" \/>\n<meta property=\"og:title\" content=\"Qu\u00e9 es demencia - Respect &amp; Respite\" \/>\n<meta property=\"og:description\" content=\"[vc_row][vc_column][vc_empty_space height=&#8221;50px&#8221;][vc_column_text] Definici\u00f3n de Demencia La Demencia es un t\u00e9rmino general para las enfermedades y condiciones caracterizadas por una disminuci\u00f3n de la memoria, el lenguaje,&hellip;\" \/>\n<meta property=\"og:url\" content=\"https:\/\/dcare.training\/es\/que-es-demencia\/\" \/>\n<meta property=\"og:site_name\" content=\"Respect &amp; Respite\" \/>\n<meta property=\"article:publisher\" content=\"https:\/\/www.facebook.com\/D-Care-Training-101814894692912\/\" \/>\n<meta property=\"article:modified_time\" content=\"2022-07-20T10:01:24+00:00\" \/>\n<meta property=\"og:image\" content=\"https:\/\/dcare.training\/wp-content\/uploads\/2020\/03\/featured-image-dementia.jpg\" \/>\n\t<meta property=\"og:image:width\" content=\"1200\" \/>\n\t<meta property=\"og:image:height\" content=\"630\" \/>\n\t<meta property=\"og:image:type\" content=\"image\/jpeg\" \/>\n<meta name=\"twitter:card\" content=\"summary_large_image\" \/>\n<meta name=\"twitter:label1\" content=\"Tiempo de lectura\" \/>\n\t<meta name=\"twitter:data1\" content=\"4 minutos\" \/>\n<script type=\"application\/ld+json\" class=\"yoast-schema-graph\">{\"@context\":\"https:\/\/schema.org\",\"@graph\":[{\"@type\":\"WebPage\",\"@id\":\"https:\/\/dcare.training\/es\/que-es-demencia\/\",\"url\":\"https:\/\/dcare.training\/es\/que-es-demencia\/\",\"name\":\"Qu\u00e9 es demencia - Respect & Respite\",\"isPartOf\":{\"@id\":\"https:\/\/dcare.training\/#website\"},\"primaryImageOfPage\":{\"@id\":\"https:\/\/dcare.training\/es\/que-es-demencia\/#primaryimage\"},\"image\":{\"@id\":\"https:\/\/dcare.training\/es\/que-es-demencia\/#primaryimage\"},\"thumbnailUrl\":\"https:\/\/dcare.training\/wp-content\/uploads\/2020\/03\/featured-image-dementia.jpg\",\"datePublished\":\"2020-03-04T12:42:22+00:00\",\"dateModified\":\"2022-07-20T10:01:24+00:00\",\"breadcrumb\":{\"@id\":\"https:\/\/dcare.training\/es\/que-es-demencia\/#breadcrumb\"},\"inLanguage\":\"es\",\"potentialAction\":[{\"@type\":\"ReadAction\",\"target\":[\"https:\/\/dcare.training\/es\/que-es-demencia\/\"]}]},{\"@type\":\"ImageObject\",\"inLanguage\":\"es\",\"@id\":\"https:\/\/dcare.training\/es\/que-es-demencia\/#primaryimage\",\"url\":\"https:\/\/dcare.training\/wp-content\/uploads\/2020\/03\/featured-image-dementia.jpg\",\"contentUrl\":\"https:\/\/dcare.training\/wp-content\/uploads\/2020\/03\/featured-image-dementia.jpg\",\"width\":1200,\"height\":630,\"caption\":\"What is Dementia\"},{\"@type\":\"BreadcrumbList\",\"@id\":\"https:\/\/dcare.training\/es\/que-es-demencia\/#breadcrumb\",\"itemListElement\":[{\"@type\":\"ListItem\",\"position\":1,\"name\":\"Home\",\"item\":\"https:\/\/dcare.training\/\"},{\"@type\":\"ListItem\",\"position\":2,\"name\":\"Qu\u00e9 es demencia\"}]},{\"@type\":\"WebSite\",\"@id\":\"https:\/\/dcare.training\/#website\",\"url\":\"https:\/\/dcare.training\/\",\"name\":\"D-care | Respect & Respite\",\"description\":\"D CARE\",\"publisher\":{\"@id\":\"https:\/\/dcare.training\/#organization\"},\"potentialAction\":[{\"@type\":\"SearchAction\",\"target\":{\"@type\":\"EntryPoint\",\"urlTemplate\":\"https:\/\/dcare.training\/?s={search_term_string}\"},\"query-input\":{\"@type\":\"PropertyValueSpecification\",\"valueRequired\":true,\"valueName\":\"search_term_string\"}}],\"inLanguage\":\"es\"},{\"@type\":\"Organization\",\"@id\":\"https:\/\/dcare.training\/#organization\",\"name\":\"D-care\",\"url\":\"https:\/\/dcare.training\/\",\"logo\":{\"@type\":\"ImageObject\",\"inLanguage\":\"es\",\"@id\":\"https:\/\/dcare.training\/#\/schema\/logo\/image\/\",\"url\":\"https:\/\/dcare.training\/wp-content\/uploads\/2019\/12\/D-care-Logo-300px.png\",\"contentUrl\":\"https:\/\/dcare.training\/wp-content\/uploads\/2019\/12\/D-care-Logo-300px.png\",\"width\":300,\"height\":300,\"caption\":\"D-care\"},\"image\":{\"@id\":\"https:\/\/dcare.training\/#\/schema\/logo\/image\/\"},\"sameAs\":[\"https:\/\/www.facebook.com\/D-Care-Training-101814894692912\/\"]}]}<\/script>\n<!-- \/ Yoast SEO plugin. -->","yoast_head_json":{"title":"Qu\u00e9 es demencia - Respect & Respite","robots":{"index":"index","follow":"follow","max-snippet":"max-snippet:-1","max-image-preview":"max-image-preview:large","max-video-preview":"max-video-preview:-1"},"canonical":"https:\/\/dcare.training\/es\/que-es-demencia\/","og_locale":"es_ES","og_type":"article","og_title":"Qu\u00e9 es demencia - Respect & Respite","og_description":"[vc_row][vc_column][vc_empty_space height=&#8221;50px&#8221;][vc_column_text] Definici\u00f3n de Demencia La Demencia es un t\u00e9rmino general para las enfermedades y condiciones caracterizadas por una disminuci\u00f3n de la memoria, el lenguaje,&hellip;","og_url":"https:\/\/dcare.training\/es\/que-es-demencia\/","og_site_name":"Respect & Respite","article_publisher":"https:\/\/www.facebook.com\/D-Care-Training-101814894692912\/","article_modified_time":"2022-07-20T10:01:24+00:00","og_image":[{"width":1200,"height":630,"url":"https:\/\/dcare.training\/wp-content\/uploads\/2020\/03\/featured-image-dementia.jpg","type":"image\/jpeg"}],"twitter_card":"summary_large_image","twitter_misc":{"Tiempo de lectura":"4 minutos"},"schema":{"@context":"https:\/\/schema.org","@graph":[{"@type":"WebPage","@id":"https:\/\/dcare.training\/es\/que-es-demencia\/","url":"https:\/\/dcare.training\/es\/que-es-demencia\/","name":"Qu\u00e9 es demencia - Respect & Respite","isPartOf":{"@id":"https:\/\/dcare.training\/#website"},"primaryImageOfPage":{"@id":"https:\/\/dcare.training\/es\/que-es-demencia\/#primaryimage"},"image":{"@id":"https:\/\/dcare.training\/es\/que-es-demencia\/#primaryimage"},"thumbnailUrl":"https:\/\/dcare.training\/wp-content\/uploads\/2020\/03\/featured-image-dementia.jpg","datePublished":"2020-03-04T12:42:22+00:00","dateModified":"2022-07-20T10:01:24+00:00","breadcrumb":{"@id":"https:\/\/dcare.training\/es\/que-es-demencia\/#breadcrumb"},"inLanguage":"es","potentialAction":[{"@type":"ReadAction","target":["https:\/\/dcare.training\/es\/que-es-demencia\/"]}]},{"@type":"ImageObject","inLanguage":"es","@id":"https:\/\/dcare.training\/es\/que-es-demencia\/#primaryimage","url":"https:\/\/dcare.training\/wp-content\/uploads\/2020\/03\/featured-image-dementia.jpg","contentUrl":"https:\/\/dcare.training\/wp-content\/uploads\/2020\/03\/featured-image-dementia.jpg","width":1200,"height":630,"caption":"What is Dementia"},{"@type":"BreadcrumbList","@id":"https:\/\/dcare.training\/es\/que-es-demencia\/#breadcrumb","itemListElement":[{"@type":"ListItem","position":1,"name":"Home","item":"https:\/\/dcare.training\/"},{"@type":"ListItem","position":2,"name":"Qu\u00e9 es demencia"}]},{"@type":"WebSite","@id":"https:\/\/dcare.training\/#website","url":"https:\/\/dcare.training\/","name":"D-care | Respect & Respite","description":"D CARE","publisher":{"@id":"https:\/\/dcare.training\/#organization"},"potentialAction":[{"@type":"SearchAction","target":{"@type":"EntryPoint","urlTemplate":"https:\/\/dcare.training\/?s={search_term_string}"},"query-input":{"@type":"PropertyValueSpecification","valueRequired":true,"valueName":"search_term_string"}}],"inLanguage":"es"},{"@type":"Organization","@id":"https:\/\/dcare.training\/#organization","name":"D-care","url":"https:\/\/dcare.training\/","logo":{"@type":"ImageObject","inLanguage":"es","@id":"https:\/\/dcare.training\/#\/schema\/logo\/image\/","url":"https:\/\/dcare.training\/wp-content\/uploads\/2019\/12\/D-care-Logo-300px.png","contentUrl":"https:\/\/dcare.training\/wp-content\/uploads\/2019\/12\/D-care-Logo-300px.png","width":300,"height":300,"caption":"D-care"},"image":{"@id":"https:\/\/dcare.training\/#\/schema\/logo\/image\/"},"sameAs":["https:\/\/www.facebook.com\/D-Care-Training-101814894692912\/"]}]}},"_links":{"self":[{"href":"https:\/\/dcare.training\/es\/wp-json\/wp\/v2\/pages\/697"}],"collection":[{"href":"https:\/\/dcare.training\/es\/wp-json\/wp\/v2\/pages"}],"about":[{"href":"https:\/\/dcare.training\/es\/wp-json\/wp\/v2\/types\/page"}],"author":[{"embeddable":true,"href":"https:\/\/dcare.training\/es\/wp-json\/wp\/v2\/users\/1"}],"replies":[{"embeddable":true,"href":"https:\/\/dcare.training\/es\/wp-json\/wp\/v2\/comments?post=697"}],"version-history":[{"count":0,"href":"https:\/\/dcare.training\/es\/wp-json\/wp\/v2\/pages\/697\/revisions"}],"wp:featuredmedia":[{"embeddable":true,"href":"https:\/\/dcare.training\/es\/wp-json\/wp\/v2\/media\/813"}],"wp:attachment":[{"href":"https:\/\/dcare.training\/es\/wp-json\/wp\/v2\/media?parent=697"}],"curies":[{"name":"wp","href":"https:\/\/api.w.org\/{rel}","templated":true}]}}