{"id":8600,"date":"2022-08-25T08:50:47","date_gmt":"2022-08-25T08:50:47","guid":{"rendered":"https:\/\/dcare.training\/assess-yourself\/"},"modified":"2022-08-26T08:02:11","modified_gmt":"2022-08-26T08:02:11","slug":"assess-yourself","status":"publish","type":"page","link":"https:\/\/dcare.training\/es\/assess-yourself\/","title":{"rendered":"Autoevaluaci\u00f3n"},"content":{"rendered":"<p>[vc_row css=&#8221;.vc_custom_1652963248973{background-position: center !important;background-repeat: no-repeat !important;background-size: cover !important;}&#8221;][vc_column][vc_column_text]<\/p>\n<h3><strong>Introducci\u00f3n<\/strong><\/h3>\n<p>Esta herramienta de autoevaluaci\u00f3n ha sido dise\u00f1ada para permitirle autoevaluar susconocimientos, habilidades y competencias en la prestaci\u00f3n de cuidados a personas que viven con demencia, sus propias pr\u00e1cticas y estrategias, a fin de ser m\u00e1s consciente de sus propias capacidades y del camino que est\u00e1 siguiendo para poder alcanzar el nivel de excelencia.<\/p>\n<p>Tambi\u00e9n le ayudar\u00e1 a desarrollar el marco mental b\u00e1sico para analizar cr\u00edticamente e identificar sus propios puntos fuertes y d\u00e9biles y, por lo tanto, a estar m\u00e1s preparado para empezar a impartir sesiones de TSC, o a formar a otros para que impartan sesiones de TSC en su organizaci\u00f3n, o a iniciar nuevos caminos de aprendizaje permanente en la atenci\u00f3n a la demencia.<\/p>\n<p>El tiempo estimado necesario para completar la herramienta de autoevaluaci\u00f3n es de unos <strong>30 minutos<\/strong>.<\/p>\n<p><img loading=\"lazy\" decoding=\"async\" class=\"size-full wp-image-1555 aligncenter\" src=\"https:\/\/dcare.training\/wp-content\/uploads\/2020\/06\/DCare-Course-Cover.jpg\" alt=\"DCare Course\" width=\"1920\" height=\"340\" srcset=\"https:\/\/dcare.training\/wp-content\/uploads\/2020\/06\/DCare-Course-Cover.jpg 1920w, https:\/\/dcare.training\/wp-content\/uploads\/2020\/06\/DCare-Course-Cover-300x53.jpg 300w, https:\/\/dcare.training\/wp-content\/uploads\/2020\/06\/DCare-Course-Cover-1024x181.jpg 1024w, https:\/\/dcare.training\/wp-content\/uploads\/2020\/06\/DCare-Course-Cover-768x136.jpg 768w, https:\/\/dcare.training\/wp-content\/uploads\/2020\/06\/DCare-Course-Cover-1536x272.jpg 1536w, https:\/\/dcare.training\/wp-content\/uploads\/2020\/06\/DCare-Course-Cover-400x71.jpg 400w, https:\/\/dcare.training\/wp-content\/uploads\/2020\/06\/DCare-Course-Cover-624x111.jpg 624w\" sizes=\"(max-width: 1920px) 100vw, 1920px\" \/><\/p>\n<h3><strong>Es hora de responder a algunas preguntas sobre usted<\/strong><\/h3>\n<p>T\u00f3mese su tiempo y piense en las respuestas a medida que avanza en las preguntas; siempre puede volver a una respuesta y cambiarla[\/vc_column_text][vc_btn title=&#8221;Autoevaluaci\u00f3n&#8221; style=&#8221;outline&#8221; color=&#8221;green&#8221; size=&#8221;lg&#8221; link=&#8221;url:https%3A%2F%2Fdcare.training%2Fes%2Fassessment-test%2F|title:Assessment%20Test|&#8221;][\/vc_column][\/vc_row]<\/p>\n","protected":false},"excerpt":{"rendered":"<p>[vc_row css=&#8221;.vc_custom_1652963248973{background-position: center !important;background-repeat: no-repeat !important;background-size: cover !important;}&#8221;][vc_column][vc_column_text] Introducci\u00f3n Esta herramienta de autoevaluaci\u00f3n ha sido dise\u00f1ada para permitirle autoevaluar susconocimientos, habilidades y competencias en la&hellip;<\/p>\n","protected":false},"author":1,"featured_media":0,"parent":0,"menu_order":0,"comment_status":"closed","ping_status":"closed","template":"page-fullwidth.php","meta":{"footnotes":""},"class_list":["post-8600","page","type-page","status-publish","hentry"],"yoast_head":"<!-- This site is optimized with the Yoast SEO plugin v23.8 - https:\/\/yoast.com\/wordpress\/plugins\/seo\/ -->\n<title>Autoevaluaci\u00f3n - Respect &amp; Respite<\/title>\n<meta name=\"robots\" content=\"index, follow, max-snippet:-1, max-image-preview:large, max-video-preview:-1\" \/>\n<link rel=\"canonical\" href=\"https:\/\/dcare.training\/self-assess\/\" \/>\n<meta property=\"og:locale\" content=\"es_ES\" \/>\n<meta property=\"og:type\" content=\"article\" \/>\n<meta property=\"og:title\" content=\"Autoevaluaci\u00f3n - Respect &amp; Respite\" \/>\n<meta property=\"og:description\" content=\"[vc_row css=&#8221;.vc_custom_1652963248973{background-position: center !important;background-repeat: no-repeat !important;background-size: cover !important;}&#8221;][vc_column][vc_column_text] Introducci\u00f3n Esta herramienta de autoevaluaci\u00f3n ha sido dise\u00f1ada para permitirle autoevaluar susconocimientos, habilidades y competencias en la&hellip;\" \/>\n<meta property=\"og:url\" content=\"https:\/\/dcare.training\/self-assess\/\" \/>\n<meta property=\"og:site_name\" content=\"Respect &amp; Respite\" \/>\n<meta property=\"article:publisher\" content=\"https:\/\/www.facebook.com\/D-Care-Training-101814894692912\/\" \/>\n<meta property=\"article:modified_time\" content=\"2022-08-26T08:02:11+00:00\" \/>\n<meta property=\"og:image\" content=\"https:\/\/dcare.training\/wp-content\/uploads\/2020\/06\/DCare-Course-Cover.jpg\" \/>\n<meta name=\"twitter:card\" content=\"summary_large_image\" \/>\n<meta name=\"twitter:label1\" content=\"Tiempo de lectura\" \/>\n\t<meta name=\"twitter:data1\" content=\"1 minuto\" \/>\n<script type=\"application\/ld+json\" class=\"yoast-schema-graph\">{\"@context\":\"https:\/\/schema.org\",\"@graph\":[{\"@type\":\"WebPage\",\"@id\":\"https:\/\/dcare.training\/self-assess\/\",\"url\":\"https:\/\/dcare.training\/self-assess\/\",\"name\":\"Autoevaluaci\u00f3n - Respect & Respite\",\"isPartOf\":{\"@id\":\"https:\/\/dcare.training\/#website\"},\"primaryImageOfPage\":{\"@id\":\"https:\/\/dcare.training\/self-assess\/#primaryimage\"},\"image\":{\"@id\":\"https:\/\/dcare.training\/self-assess\/#primaryimage\"},\"thumbnailUrl\":\"https:\/\/dcare.training\/wp-content\/uploads\/2020\/06\/DCare-Course-Cover.jpg\",\"datePublished\":\"2022-08-25T08:50:47+00:00\",\"dateModified\":\"2022-08-26T08:02:11+00:00\",\"breadcrumb\":{\"@id\":\"https:\/\/dcare.training\/self-assess\/#breadcrumb\"},\"inLanguage\":\"es\",\"potentialAction\":[{\"@type\":\"ReadAction\",\"target\":[\"https:\/\/dcare.training\/self-assess\/\"]}]},{\"@type\":\"ImageObject\",\"inLanguage\":\"es\",\"@id\":\"https:\/\/dcare.training\/self-assess\/#primaryimage\",\"url\":\"https:\/\/dcare.training\/wp-content\/uploads\/2020\/06\/DCare-Course-Cover.jpg\",\"contentUrl\":\"https:\/\/dcare.training\/wp-content\/uploads\/2020\/06\/DCare-Course-Cover.jpg\"},{\"@type\":\"BreadcrumbList\",\"@id\":\"https:\/\/dcare.training\/self-assess\/#breadcrumb\",\"itemListElement\":[{\"@type\":\"ListItem\",\"position\":1,\"name\":\"Home\",\"item\":\"https:\/\/dcare.training\/\"},{\"@type\":\"ListItem\",\"position\":2,\"name\":\"Autoevaluaci\u00f3n\"}]},{\"@type\":\"WebSite\",\"@id\":\"https:\/\/dcare.training\/#website\",\"url\":\"https:\/\/dcare.training\/\",\"name\":\"D-care | Respect & Respite\",\"description\":\"D CARE\",\"publisher\":{\"@id\":\"https:\/\/dcare.training\/#organization\"},\"potentialAction\":[{\"@type\":\"SearchAction\",\"target\":{\"@type\":\"EntryPoint\",\"urlTemplate\":\"https:\/\/dcare.training\/?s={search_term_string}\"},\"query-input\":{\"@type\":\"PropertyValueSpecification\",\"valueRequired\":true,\"valueName\":\"search_term_string\"}}],\"inLanguage\":\"es\"},{\"@type\":\"Organization\",\"@id\":\"https:\/\/dcare.training\/#organization\",\"name\":\"D-care\",\"url\":\"https:\/\/dcare.training\/\",\"logo\":{\"@type\":\"ImageObject\",\"inLanguage\":\"es\",\"@id\":\"https:\/\/dcare.training\/#\/schema\/logo\/image\/\",\"url\":\"https:\/\/dcare.training\/wp-content\/uploads\/2019\/12\/D-care-Logo-300px.png\",\"contentUrl\":\"https:\/\/dcare.training\/wp-content\/uploads\/2019\/12\/D-care-Logo-300px.png\",\"width\":300,\"height\":300,\"caption\":\"D-care\"},\"image\":{\"@id\":\"https:\/\/dcare.training\/#\/schema\/logo\/image\/\"},\"sameAs\":[\"https:\/\/www.facebook.com\/D-Care-Training-101814894692912\/\"]}]}<\/script>\n<!-- \/ Yoast SEO plugin. -->","yoast_head_json":{"title":"Autoevaluaci\u00f3n - Respect & Respite","robots":{"index":"index","follow":"follow","max-snippet":"max-snippet:-1","max-image-preview":"max-image-preview:large","max-video-preview":"max-video-preview:-1"},"canonical":"https:\/\/dcare.training\/self-assess\/","og_locale":"es_ES","og_type":"article","og_title":"Autoevaluaci\u00f3n - Respect & Respite","og_description":"[vc_row css=&#8221;.vc_custom_1652963248973{background-position: center !important;background-repeat: no-repeat !important;background-size: cover !important;}&#8221;][vc_column][vc_column_text] Introducci\u00f3n Esta herramienta de autoevaluaci\u00f3n ha sido dise\u00f1ada para permitirle autoevaluar susconocimientos, habilidades y competencias en la&hellip;","og_url":"https:\/\/dcare.training\/self-assess\/","og_site_name":"Respect & Respite","article_publisher":"https:\/\/www.facebook.com\/D-Care-Training-101814894692912\/","article_modified_time":"2022-08-26T08:02:11+00:00","og_image":[{"url":"https:\/\/dcare.training\/wp-content\/uploads\/2020\/06\/DCare-Course-Cover.jpg"}],"twitter_card":"summary_large_image","twitter_misc":{"Tiempo de lectura":"1 minuto"},"schema":{"@context":"https:\/\/schema.org","@graph":[{"@type":"WebPage","@id":"https:\/\/dcare.training\/self-assess\/","url":"https:\/\/dcare.training\/self-assess\/","name":"Autoevaluaci\u00f3n - Respect & Respite","isPartOf":{"@id":"https:\/\/dcare.training\/#website"},"primaryImageOfPage":{"@id":"https:\/\/dcare.training\/self-assess\/#primaryimage"},"image":{"@id":"https:\/\/dcare.training\/self-assess\/#primaryimage"},"thumbnailUrl":"https:\/\/dcare.training\/wp-content\/uploads\/2020\/06\/DCare-Course-Cover.jpg","datePublished":"2022-08-25T08:50:47+00:00","dateModified":"2022-08-26T08:02:11+00:00","breadcrumb":{"@id":"https:\/\/dcare.training\/self-assess\/#breadcrumb"},"inLanguage":"es","potentialAction":[{"@type":"ReadAction","target":["https:\/\/dcare.training\/self-assess\/"]}]},{"@type":"ImageObject","inLanguage":"es","@id":"https:\/\/dcare.training\/self-assess\/#primaryimage","url":"https:\/\/dcare.training\/wp-content\/uploads\/2020\/06\/DCare-Course-Cover.jpg","contentUrl":"https:\/\/dcare.training\/wp-content\/uploads\/2020\/06\/DCare-Course-Cover.jpg"},{"@type":"BreadcrumbList","@id":"https:\/\/dcare.training\/self-assess\/#breadcrumb","itemListElement":[{"@type":"ListItem","position":1,"name":"Home","item":"https:\/\/dcare.training\/"},{"@type":"ListItem","position":2,"name":"Autoevaluaci\u00f3n"}]},{"@type":"WebSite","@id":"https:\/\/dcare.training\/#website","url":"https:\/\/dcare.training\/","name":"D-care | Respect & Respite","description":"D CARE","publisher":{"@id":"https:\/\/dcare.training\/#organization"},"potentialAction":[{"@type":"SearchAction","target":{"@type":"EntryPoint","urlTemplate":"https:\/\/dcare.training\/?s={search_term_string}"},"query-input":{"@type":"PropertyValueSpecification","valueRequired":true,"valueName":"search_term_string"}}],"inLanguage":"es"},{"@type":"Organization","@id":"https:\/\/dcare.training\/#organization","name":"D-care","url":"https:\/\/dcare.training\/","logo":{"@type":"ImageObject","inLanguage":"es","@id":"https:\/\/dcare.training\/#\/schema\/logo\/image\/","url":"https:\/\/dcare.training\/wp-content\/uploads\/2019\/12\/D-care-Logo-300px.png","contentUrl":"https:\/\/dcare.training\/wp-content\/uploads\/2019\/12\/D-care-Logo-300px.png","width":300,"height":300,"caption":"D-care"},"image":{"@id":"https:\/\/dcare.training\/#\/schema\/logo\/image\/"},"sameAs":["https:\/\/www.facebook.com\/D-Care-Training-101814894692912\/"]}]}},"_links":{"self":[{"href":"https:\/\/dcare.training\/es\/wp-json\/wp\/v2\/pages\/8600"}],"collection":[{"href":"https:\/\/dcare.training\/es\/wp-json\/wp\/v2\/pages"}],"about":[{"href":"https:\/\/dcare.training\/es\/wp-json\/wp\/v2\/types\/page"}],"author":[{"embeddable":true,"href":"https:\/\/dcare.training\/es\/wp-json\/wp\/v2\/users\/1"}],"replies":[{"embeddable":true,"href":"https:\/\/dcare.training\/es\/wp-json\/wp\/v2\/comments?post=8600"}],"version-history":[{"count":0,"href":"https:\/\/dcare.training\/es\/wp-json\/wp\/v2\/pages\/8600\/revisions"}],"wp:attachment":[{"href":"https:\/\/dcare.training\/es\/wp-json\/wp\/v2\/media?parent=8600"}],"curies":[{"name":"wp","href":"https:\/\/api.w.org\/{rel}","templated":true}]}}