{"id":8648,"date":"2022-08-25T11:10:36","date_gmt":"2022-08-25T11:10:36","guid":{"rendered":"https:\/\/dcare.training\/nivel-2-bueno-solido\/"},"modified":"2022-08-25T11:10:36","modified_gmt":"2022-08-25T11:10:36","slug":"nivel-2-bueno-solido","status":"publish","type":"page","link":"https:\/\/dcare.training\/es\/nivel-2-bueno-solido\/","title":{"rendered":"NIVEL 2 \u2013 BUENO, S\u00d3LIDO"},"content":{"rendered":"<h3 style=\"text-align: justify;\"><em>NIVEL 2 <\/em><em>\u2013 BUENO, S\u00d3LIDO<\/em><\/h3>\n<p style=\"text-align: justify;\"><em>\u00a1Enhorabuena! Ha completado con \u00e9xito el cuestionario de autoevaluaci\u00f3n.<\/em><\/p>\n<p style=\"text-align: justify;\"><em><img loading=\"lazy\" decoding=\"async\" class=\"alignright wp-image-7763\" src=\"https:\/\/dcare.training\/wp-content\/uploads\/2022\/06\/image-Level-3.png\" alt=\"\" width=\"400\" height=\"400\" srcset=\"https:\/\/dcare.training\/wp-content\/uploads\/2022\/06\/image-Level-3.png 1000w, https:\/\/dcare.training\/wp-content\/uploads\/2022\/06\/image-Level-3-300x300.png 300w, https:\/\/dcare.training\/wp-content\/uploads\/2022\/06\/image-Level-3-150x150.png 150w, https:\/\/dcare.training\/wp-content\/uploads\/2022\/06\/image-Level-3-768x768.png 768w, https:\/\/dcare.training\/wp-content\/uploads\/2022\/06\/image-Level-3-624x624.png 624w\" sizes=\"(max-width: 400px) 100vw, 400px\" \/>\u00a1En nuestro <a href=\"https:\/\/dcare.training\/dementia-friendly-activities\/\" target=\"_blank\" rel=\"noopener\">curso gratuito<\/a><\/em><em> sobre el cuidado de una persona con demencia puede encontrar muchos recursos \u00fatiles y material listo para usar en la <a href=\"https:\/\/dcare.training\/friendly-home-toolkit\/\" target=\"_blank\" rel=\"noopener\">caja de herramientas de formaci\u00f3n<\/a><\/em><em>\u00a0especial que hemos preparado para usted!<\/em><\/p>\n<p style=\"text-align: justify;\"><em>Seg\u00fan tus respuestas, el resultado de tus competencias es de: \u00a1NIVEL INTERMEDIO! <\/em><\/p>\n<p style=\"text-align: justify;\"><em>En este punto, aprovechas al m\u00e1ximo tus puntos fuertes y d\u00e9biles y no dudas en poner todo tu esfuerzo, y todos los diferentes tipos de recursos en tu visi\u00f3n sobre la creaci\u00f3n de valor mientras te preocupas por los dem\u00e1s.<\/em><\/p>\n<p style=\"text-align: justify;\"><em>Puedes estimar opciones alternativas y elegir lo que realmente quieres hacer, trabajar junto a diversos grupos y redes, reflexionary evaluar tus logros y\/o fracasos y beneficiarte de ambos. Eres muy capaz de planificar el cuidado de los individuos con los que te relacionas, ayud\u00e1ndoles a conseguirlo.<\/em><\/p>\n<p style=\"text-align: justify;\"><em>En caso de que desee seguir mejorando y reforzando sus competencias y habilidades, llevarlas al siguiente nivel, y\/o mantenerse informado sobre la atenci\u00f3n a la demencia, incluida la Terapia de Estimulaci\u00f3n Cognitiva (TEC), le sugerimos que visite regularmente el <a href=\"https:\/\/dcare.training\/\">sito web<\/a><\/em><em> del proyecto:<\/em><\/p>\n","protected":false},"excerpt":{"rendered":"<p>NIVEL 2 \u2013 BUENO, S\u00d3LIDO \u00a1Enhorabuena! Ha completado con \u00e9xito el cuestionario de autoevaluaci\u00f3n. \u00a1En nuestro curso gratuito sobre el cuidado de una persona con&hellip;<\/p>\n","protected":false},"author":76,"featured_media":0,"parent":0,"menu_order":0,"comment_status":"closed","ping_status":"closed","template":"","meta":{"footnotes":""},"class_list":["post-8648","page","type-page","status-publish","hentry"],"yoast_head":"<!-- This site is optimized with the Yoast SEO plugin v23.8 - https:\/\/yoast.com\/wordpress\/plugins\/seo\/ -->\n<title>NIVEL 2 \u2013 BUENO, S\u00d3LIDO - Respect &amp; Respite<\/title>\n<meta name=\"robots\" content=\"index, follow, max-snippet:-1, max-image-preview:large, max-video-preview:-1\" \/>\n<link rel=\"canonical\" href=\"https:\/\/dcare.training\/nivel-2-bueno-solido\/\" \/>\n<meta property=\"og:locale\" content=\"es_ES\" \/>\n<meta property=\"og:type\" content=\"article\" \/>\n<meta property=\"og:title\" content=\"NIVEL 2 \u2013 BUENO, S\u00d3LIDO - Respect &amp; Respite\" \/>\n<meta property=\"og:description\" content=\"NIVEL 2 \u2013 BUENO, S\u00d3LIDO \u00a1Enhorabuena! Ha completado con \u00e9xito el cuestionario de autoevaluaci\u00f3n. \u00a1En nuestro curso gratuito sobre el cuidado de una persona con&hellip;\" \/>\n<meta property=\"og:url\" content=\"https:\/\/dcare.training\/nivel-2-bueno-solido\/\" \/>\n<meta property=\"og:site_name\" content=\"Respect &amp; Respite\" \/>\n<meta property=\"article:publisher\" content=\"https:\/\/www.facebook.com\/D-Care-Training-101814894692912\/\" \/>\n<meta property=\"og:image\" content=\"https:\/\/dcare.training\/wp-content\/uploads\/2022\/06\/image-Level-3.png\" \/>\n<meta name=\"twitter:card\" content=\"summary_large_image\" \/>\n<meta name=\"twitter:label1\" content=\"Tiempo de lectura\" \/>\n\t<meta name=\"twitter:data1\" content=\"1 minuto\" \/>\n<script type=\"application\/ld+json\" class=\"yoast-schema-graph\">{\"@context\":\"https:\/\/schema.org\",\"@graph\":[{\"@type\":\"WebPage\",\"@id\":\"https:\/\/dcare.training\/nivel-2-bueno-solido\/\",\"url\":\"https:\/\/dcare.training\/nivel-2-bueno-solido\/\",\"name\":\"NIVEL 2 \u2013 BUENO, S\u00d3LIDO - Respect & Respite\",\"isPartOf\":{\"@id\":\"https:\/\/dcare.training\/#website\"},\"primaryImageOfPage\":{\"@id\":\"https:\/\/dcare.training\/nivel-2-bueno-solido\/#primaryimage\"},\"image\":{\"@id\":\"https:\/\/dcare.training\/nivel-2-bueno-solido\/#primaryimage\"},\"thumbnailUrl\":\"https:\/\/dcare.training\/wp-content\/uploads\/2022\/06\/image-Level-3.png\",\"datePublished\":\"2022-08-25T11:10:36+00:00\",\"dateModified\":\"2022-08-25T11:10:36+00:00\",\"breadcrumb\":{\"@id\":\"https:\/\/dcare.training\/nivel-2-bueno-solido\/#breadcrumb\"},\"inLanguage\":\"es\",\"potentialAction\":[{\"@type\":\"ReadAction\",\"target\":[\"https:\/\/dcare.training\/nivel-2-bueno-solido\/\"]}]},{\"@type\":\"ImageObject\",\"inLanguage\":\"es\",\"@id\":\"https:\/\/dcare.training\/nivel-2-bueno-solido\/#primaryimage\",\"url\":\"https:\/\/dcare.training\/wp-content\/uploads\/2022\/06\/image-Level-3.png\",\"contentUrl\":\"https:\/\/dcare.training\/wp-content\/uploads\/2022\/06\/image-Level-3.png\"},{\"@type\":\"BreadcrumbList\",\"@id\":\"https:\/\/dcare.training\/nivel-2-bueno-solido\/#breadcrumb\",\"itemListElement\":[{\"@type\":\"ListItem\",\"position\":1,\"name\":\"Home\",\"item\":\"https:\/\/dcare.training\/\"},{\"@type\":\"ListItem\",\"position\":2,\"name\":\"NIVEL 2 \u2013 BUENO, S\u00d3LIDO\"}]},{\"@type\":\"WebSite\",\"@id\":\"https:\/\/dcare.training\/#website\",\"url\":\"https:\/\/dcare.training\/\",\"name\":\"D-care | Respect & Respite\",\"description\":\"D CARE\",\"publisher\":{\"@id\":\"https:\/\/dcare.training\/#organization\"},\"potentialAction\":[{\"@type\":\"SearchAction\",\"target\":{\"@type\":\"EntryPoint\",\"urlTemplate\":\"https:\/\/dcare.training\/?s={search_term_string}\"},\"query-input\":{\"@type\":\"PropertyValueSpecification\",\"valueRequired\":true,\"valueName\":\"search_term_string\"}}],\"inLanguage\":\"es\"},{\"@type\":\"Organization\",\"@id\":\"https:\/\/dcare.training\/#organization\",\"name\":\"D-care\",\"url\":\"https:\/\/dcare.training\/\",\"logo\":{\"@type\":\"ImageObject\",\"inLanguage\":\"es\",\"@id\":\"https:\/\/dcare.training\/#\/schema\/logo\/image\/\",\"url\":\"https:\/\/dcare.training\/wp-content\/uploads\/2019\/12\/D-care-Logo-300px.png\",\"contentUrl\":\"https:\/\/dcare.training\/wp-content\/uploads\/2019\/12\/D-care-Logo-300px.png\",\"width\":300,\"height\":300,\"caption\":\"D-care\"},\"image\":{\"@id\":\"https:\/\/dcare.training\/#\/schema\/logo\/image\/\"},\"sameAs\":[\"https:\/\/www.facebook.com\/D-Care-Training-101814894692912\/\"]}]}<\/script>\n<!-- \/ Yoast SEO plugin. -->","yoast_head_json":{"title":"NIVEL 2 \u2013 BUENO, S\u00d3LIDO - Respect & Respite","robots":{"index":"index","follow":"follow","max-snippet":"max-snippet:-1","max-image-preview":"max-image-preview:large","max-video-preview":"max-video-preview:-1"},"canonical":"https:\/\/dcare.training\/nivel-2-bueno-solido\/","og_locale":"es_ES","og_type":"article","og_title":"NIVEL 2 \u2013 BUENO, S\u00d3LIDO - Respect & Respite","og_description":"NIVEL 2 \u2013 BUENO, S\u00d3LIDO \u00a1Enhorabuena! Ha completado con \u00e9xito el cuestionario de autoevaluaci\u00f3n. \u00a1En nuestro curso gratuito sobre el cuidado de una persona con&hellip;","og_url":"https:\/\/dcare.training\/nivel-2-bueno-solido\/","og_site_name":"Respect & Respite","article_publisher":"https:\/\/www.facebook.com\/D-Care-Training-101814894692912\/","og_image":[{"url":"https:\/\/dcare.training\/wp-content\/uploads\/2022\/06\/image-Level-3.png"}],"twitter_card":"summary_large_image","twitter_misc":{"Tiempo de lectura":"1 minuto"},"schema":{"@context":"https:\/\/schema.org","@graph":[{"@type":"WebPage","@id":"https:\/\/dcare.training\/nivel-2-bueno-solido\/","url":"https:\/\/dcare.training\/nivel-2-bueno-solido\/","name":"NIVEL 2 \u2013 BUENO, S\u00d3LIDO - Respect & Respite","isPartOf":{"@id":"https:\/\/dcare.training\/#website"},"primaryImageOfPage":{"@id":"https:\/\/dcare.training\/nivel-2-bueno-solido\/#primaryimage"},"image":{"@id":"https:\/\/dcare.training\/nivel-2-bueno-solido\/#primaryimage"},"thumbnailUrl":"https:\/\/dcare.training\/wp-content\/uploads\/2022\/06\/image-Level-3.png","datePublished":"2022-08-25T11:10:36+00:00","dateModified":"2022-08-25T11:10:36+00:00","breadcrumb":{"@id":"https:\/\/dcare.training\/nivel-2-bueno-solido\/#breadcrumb"},"inLanguage":"es","potentialAction":[{"@type":"ReadAction","target":["https:\/\/dcare.training\/nivel-2-bueno-solido\/"]}]},{"@type":"ImageObject","inLanguage":"es","@id":"https:\/\/dcare.training\/nivel-2-bueno-solido\/#primaryimage","url":"https:\/\/dcare.training\/wp-content\/uploads\/2022\/06\/image-Level-3.png","contentUrl":"https:\/\/dcare.training\/wp-content\/uploads\/2022\/06\/image-Level-3.png"},{"@type":"BreadcrumbList","@id":"https:\/\/dcare.training\/nivel-2-bueno-solido\/#breadcrumb","itemListElement":[{"@type":"ListItem","position":1,"name":"Home","item":"https:\/\/dcare.training\/"},{"@type":"ListItem","position":2,"name":"NIVEL 2 \u2013 BUENO, S\u00d3LIDO"}]},{"@type":"WebSite","@id":"https:\/\/dcare.training\/#website","url":"https:\/\/dcare.training\/","name":"D-care | Respect & Respite","description":"D CARE","publisher":{"@id":"https:\/\/dcare.training\/#organization"},"potentialAction":[{"@type":"SearchAction","target":{"@type":"EntryPoint","urlTemplate":"https:\/\/dcare.training\/?s={search_term_string}"},"query-input":{"@type":"PropertyValueSpecification","valueRequired":true,"valueName":"search_term_string"}}],"inLanguage":"es"},{"@type":"Organization","@id":"https:\/\/dcare.training\/#organization","name":"D-care","url":"https:\/\/dcare.training\/","logo":{"@type":"ImageObject","inLanguage":"es","@id":"https:\/\/dcare.training\/#\/schema\/logo\/image\/","url":"https:\/\/dcare.training\/wp-content\/uploads\/2019\/12\/D-care-Logo-300px.png","contentUrl":"https:\/\/dcare.training\/wp-content\/uploads\/2019\/12\/D-care-Logo-300px.png","width":300,"height":300,"caption":"D-care"},"image":{"@id":"https:\/\/dcare.training\/#\/schema\/logo\/image\/"},"sameAs":["https:\/\/www.facebook.com\/D-Care-Training-101814894692912\/"]}]}},"_links":{"self":[{"href":"https:\/\/dcare.training\/es\/wp-json\/wp\/v2\/pages\/8648"}],"collection":[{"href":"https:\/\/dcare.training\/es\/wp-json\/wp\/v2\/pages"}],"about":[{"href":"https:\/\/dcare.training\/es\/wp-json\/wp\/v2\/types\/page"}],"author":[{"embeddable":true,"href":"https:\/\/dcare.training\/es\/wp-json\/wp\/v2\/users\/76"}],"replies":[{"embeddable":true,"href":"https:\/\/dcare.training\/es\/wp-json\/wp\/v2\/comments?post=8648"}],"version-history":[{"count":0,"href":"https:\/\/dcare.training\/es\/wp-json\/wp\/v2\/pages\/8648\/revisions"}],"wp:attachment":[{"href":"https:\/\/dcare.training\/es\/wp-json\/wp\/v2\/media?parent=8648"}],"curies":[{"name":"wp","href":"https:\/\/api.w.org\/{rel}","templated":true}]}}