{"id":833,"date":"2020-03-15T19:42:56","date_gmt":"2020-03-15T19:42:56","guid":{"rendered":"https:\/\/dcare.training\/che-cose-dcare\/"},"modified":"2022-07-20T10:07:57","modified_gmt":"2022-07-20T10:07:57","slug":"che-cose-dcare","status":"publish","type":"page","link":"https:\/\/dcare.training\/it\/che-cose-dcare\/","title":{"rendered":"Progetto"},"content":{"rendered":"<p>[vc_row css=&#8221;.vc_custom_1576750191581{padding-right: 5% !important;padding-left: 5% !important;}&#8221;][vc_column][vc_empty_space height=&#8221;50px&#8221;][vc_column_text]<\/p>\n<h2>Informazioni sul progetto<\/h2>\n<p style=\"text-align: justify;\"><img loading=\"lazy\" decoding=\"async\" class=\"alignleft wp-image-338 size-medium\" src=\"https:\/\/dcare.training\/wp-content\/uploads\/2019\/12\/dcare-granny-trigwno-400-300x300.png\" alt=\"\" width=\"300\" height=\"300\" srcset=\"https:\/\/dcare.training\/wp-content\/uploads\/2019\/12\/dcare-granny-trigwno-400-300x300.png 300w, https:\/\/dcare.training\/wp-content\/uploads\/2019\/12\/dcare-granny-trigwno-400-150x150.png 150w, https:\/\/dcare.training\/wp-content\/uploads\/2019\/12\/dcare-granny-trigwno-400.png 400w\" sizes=\"(max-width: 300px) 100vw, 300px\" \/>Le popolazioni di tutto il mondo stanno rapidamente invecchiando. Tuttavia, negli ultimi 50 anni in Europa c&#8217;\u00e8 stato un aumento delle malattie legate all&#8217;invecchiamento, come la demenza. Si stima che entro il 2050 ci saranno circa 18,66 milioni di europei affetti da demenza.<\/p>\n<p style=\"text-align: justify;\">Le persone che sono colpite da demenza spesso affrontano difficolt\u00e0 cognitive, comportamentali e psicosociali. Queste difficolt\u00e0 spesso rappresentano una sfida per impegnarsi socialmente, rafforzando i loro effetti e riducendo il benessere personale. Oltre all&#8217;impatto sulla persona, la demenza ha anche un notevole effetto su coloro che sostengono la persona. La maggior parte delle cure per le persone affetta da demenza \u00e8 fornita da familiari e amici: &#8220;badanti&#8221;.La maggior parte dei prestatori di servizi di cura si sente impreparata ad assumere questo nuovo ruolo. La cura spesso pu\u00f2 causare problemi di salute fisica e mentale ai badanti che sono causati dallo stress che comporta la cura di qualcuno con demenza. Inoltre, il lavoro e le altre relazioni ne risentono. Lasciati soli con il loro conflitto interiore e il risentimento, I badanti trascurano perfino i loro stessi bisogni. La cura \u00e8 un compito difficile e stressante anche per gli operatori professionali che hanno bisogno di pi\u00f9 conoscenza \/ strumenti. La necessit\u00e0 di formazione per gli operatori sanitari di persone affette da demenza sar\u00e0 coperta dal progetto DCare, attraverso la creazione di un programma educativo sotto forma di apprendimento misto, dove gli assistenti di persone affette da demenza (professionisti e non professionisti) , sar\u00e0 in grado di acquisire competenze di base su come aiutare le persone con demenza e come evitare di sentirsi isolati. Il programma pu\u00f2 essere utilizzato nell&#8217;istruzione e nella formazione professionale, nella formazione sul lavoro per il personale di assistenza e per i volontari e nell&#8217;apprendimento continuo rivolto agli adulti.<\/p>\n<p style=\"text-align: justify;\">Il partenariato \u00e8 costituito da diversi tipi di organizzazioni: istituzioni pubbliche e private che si occupano di formazione professionale, datori di lavoro pubblici di operatori professionali, ONG e PMI di Regno Unito, Danimarca, Spagna e Grecia e un&#8217;associazione professionale a livello europeo con la sua base in Bruxelles, Belgio. Questo offre un&#8217;opportunit\u00e0 unica per trovare soluzioni creative insieme.<\/p>\n<p>[\/vc_column_text][vc_empty_space height=&#8221;50px&#8221;][vc_column_text]<\/p>\n<h2>I gruppi di destinazione<\/h2>\n<p style=\"text-align: justify;\"><img loading=\"lazy\" decoding=\"async\" class=\"alignright wp-image-350 size-medium\" src=\"https:\/\/dcare.training\/wp-content\/uploads\/2019\/12\/dcare-grandpa-400-final-300x300.png\" alt=\"\" width=\"300\" height=\"300\" srcset=\"https:\/\/dcare.training\/wp-content\/uploads\/2019\/12\/dcare-grandpa-400-final-300x300.png 300w, https:\/\/dcare.training\/wp-content\/uploads\/2019\/12\/dcare-grandpa-400-final-150x150.png 150w, https:\/\/dcare.training\/wp-content\/uploads\/2019\/12\/dcare-grandpa-400-final.png 400w\" sizes=\"(max-width: 300px) 100vw, 300px\" \/>I gruppi target per questo progetto sono assistenti professionali, assistenti non professionali (spesso familiari\/amici\/volontari), studenti in assistenza sanitaria e sociale, fornitori di formazione &#8211; insegnanti, formatori e altri lavoratori che saranno formati su come lavorare con chi soffre di demenza e i loro assistenti, le persone che convivono con la demenza.<\/p>\n<p style=\"text-align: justify;\">Pi\u00f9 di 2.000 persone beneficeranno indirettamente o saranno l&#8217;obiettivo delle attivit\u00e0 organizzate dal progetto. Dopo la formazione degli insegnanti, saranno sviluppati due corsi; il primo coinvolger\u00e0 assistenti professionisti che desiderano lavorare con chi soffre di demenza, la formazione sulla Cognitive Stimulation Therapy e la capacit\u00e0 di creazione di gruppi; il secondo coinvolger\u00e0 i caregiver non professionisti al fine di aiutarli ad aiutare e assistere la persona con demenza, per dare loro una pausa (tregua).<\/p>\n<p style=\"text-align: justify;\">Il miglioramento delle qualifiche degli assistenti professionali \u00e8 una delle priorit\u00e0 del progetto D-Care, in quanto attraverso la loro formazione acquisiranno nuove competenze professionali, che consentiranno loro di fornire servizi di qualit\u00e0; Le persone con demenza stessi saranno coinvolti come co-sviluppatori nel processo. Inoltre, l&#8217;uso delle TIC e dell&#8217;area digitale consentir\u00e0 agli insegnanti e agli studenti (professionisti e non) di migliorare le loro competenze digitali.<\/p>\n<p>[\/vc_column_text][vc_empty_space height=&#8221;50px&#8221;][vc_column_text]<\/p>\n<h2>I risultati attesi<\/h2>\n<p><img loading=\"lazy\" decoding=\"async\" class=\"alignleft wp-image-334 size-medium\" src=\"https:\/\/dcare.training\/wp-content\/uploads\/2019\/12\/dcare-granny-400-300x300.png\" alt=\"\" width=\"300\" height=\"300\" srcset=\"https:\/\/dcare.training\/wp-content\/uploads\/2019\/12\/dcare-granny-400-300x300.png 300w, https:\/\/dcare.training\/wp-content\/uploads\/2019\/12\/dcare-granny-400-150x150.png 150w, https:\/\/dcare.training\/wp-content\/uploads\/2019\/12\/dcare-granny-400.png 400w\" sizes=\"(max-width: 300px) 100vw, 300px\" \/>Il progetto D-Care dovrebbe portare effetti positivi e duraturi sui partecipanti, in quanto \u00e8 destinato a produrre i seguenti risultati:<\/p>\n<ol>\n<li>Migliorare le conoscenze sulla demenza e le sue conseguenze, preservando la qualit\u00e0 della vita, l&#8217;autonomia e i diritti delle persone che convivono con la demenza e dei loro assistenti.<\/li>\n<li>Una maggiore partecipazione attiva alla societ\u00e0 e un atteggiamento pi\u00f9 positivo nei confronti dei valori dell&#8217;UE. A livello sistemico, il progetto D-Care dovrebbe rispondere in modo positivo alle politiche europee in materia di:<\/li>\n<\/ol>\n<p>&#x25aa; Cittadinanza attiva<br \/>\n&#x25aa; Promozione dell&#8217;inclusione sociale e non discriminazione<br \/>\n&#x25aa; Apprendimento permanente.<\/p>\n<p>I principali effetti sostenibili del progetto includeranno: una maggiore attenzione ai benefici dell&#8217;assistenza innovativa in materia di demenza per le persone affette da demenza, che comprende un miglioramento della salute e del benessere e un miglioramento sostenibile del sostegno e della tregua concessi ai prestatori di assistenza.[\/vc_column_text][vc_empty_space height=&#8221;50px&#8221;][\/vc_column][\/vc_row]<\/p>\n","protected":false},"excerpt":{"rendered":"<p>[vc_row css=&#8221;.vc_custom_1576750191581{padding-right: 5% !important;padding-left: 5% !important;}&#8221;][vc_column][vc_empty_space height=&#8221;50px&#8221;][vc_column_text] Informazioni sul progetto Le popolazioni di tutto il mondo stanno rapidamente invecchiando. Tuttavia, negli ultimi 50 anni in&hellip;<\/p>\n","protected":false},"author":1,"featured_media":787,"parent":0,"menu_order":0,"comment_status":"closed","ping_status":"closed","template":"","meta":{"footnotes":""},"class_list":["post-833","page","type-page","status-publish","has-post-thumbnail","hentry"],"yoast_head":"<!-- This site is optimized with the Yoast SEO plugin v23.8 - https:\/\/yoast.com\/wordpress\/plugins\/seo\/ -->\n<title>Progetto - Respect &amp; Respite<\/title>\n<meta name=\"robots\" content=\"index, follow, max-snippet:-1, max-image-preview:large, max-video-preview:-1\" \/>\n<link rel=\"canonical\" href=\"https:\/\/dcare.training\/it\/che-cose-dcare\/\" \/>\n<meta property=\"og:locale\" content=\"it_IT\" \/>\n<meta property=\"og:type\" content=\"article\" \/>\n<meta property=\"og:title\" content=\"Progetto - Respect &amp; Respite\" \/>\n<meta property=\"og:description\" content=\"[vc_row css=&#8221;.vc_custom_1576750191581{padding-right: 5% !important;padding-left: 5% !important;}&#8221;][vc_column][vc_empty_space height=&#8221;50px&#8221;][vc_column_text] Informazioni sul progetto Le popolazioni di tutto il mondo stanno rapidamente invecchiando. Tuttavia, negli ultimi 50 anni in&hellip;\" \/>\n<meta property=\"og:url\" content=\"https:\/\/dcare.training\/it\/che-cose-dcare\/\" \/>\n<meta property=\"og:site_name\" content=\"Respect &amp; Respite\" \/>\n<meta property=\"article:publisher\" content=\"https:\/\/www.facebook.com\/D-Care-Training-101814894692912\/\" \/>\n<meta property=\"article:modified_time\" content=\"2022-07-20T10:07:57+00:00\" \/>\n<meta property=\"og:image\" content=\"https:\/\/dcare.training\/wp-content\/uploads\/2020\/03\/featured-image-project.jpg\" \/>\n\t<meta property=\"og:image:width\" content=\"1200\" \/>\n\t<meta property=\"og:image:height\" content=\"630\" \/>\n\t<meta property=\"og:image:type\" content=\"image\/jpeg\" \/>\n<meta name=\"twitter:card\" content=\"summary_large_image\" \/>\n<meta name=\"twitter:label1\" content=\"Tempo di lettura stimato\" \/>\n\t<meta name=\"twitter:data1\" content=\"4 minuti\" \/>\n<script type=\"application\/ld+json\" class=\"yoast-schema-graph\">{\"@context\":\"https:\/\/schema.org\",\"@graph\":[{\"@type\":\"WebPage\",\"@id\":\"https:\/\/dcare.training\/it\/che-cose-dcare\/\",\"url\":\"https:\/\/dcare.training\/it\/che-cose-dcare\/\",\"name\":\"Progetto - Respect & Respite\",\"isPartOf\":{\"@id\":\"https:\/\/dcare.training\/#website\"},\"primaryImageOfPage\":{\"@id\":\"https:\/\/dcare.training\/it\/che-cose-dcare\/#primaryimage\"},\"image\":{\"@id\":\"https:\/\/dcare.training\/it\/che-cose-dcare\/#primaryimage\"},\"thumbnailUrl\":\"https:\/\/dcare.training\/wp-content\/uploads\/2020\/03\/featured-image-project.jpg\",\"datePublished\":\"2020-03-15T19:42:56+00:00\",\"dateModified\":\"2022-07-20T10:07:57+00:00\",\"breadcrumb\":{\"@id\":\"https:\/\/dcare.training\/it\/che-cose-dcare\/#breadcrumb\"},\"inLanguage\":\"it-IT\",\"potentialAction\":[{\"@type\":\"ReadAction\",\"target\":[\"https:\/\/dcare.training\/it\/che-cose-dcare\/\"]}]},{\"@type\":\"ImageObject\",\"inLanguage\":\"it-IT\",\"@id\":\"https:\/\/dcare.training\/it\/che-cose-dcare\/#primaryimage\",\"url\":\"https:\/\/dcare.training\/wp-content\/uploads\/2020\/03\/featured-image-project.jpg\",\"contentUrl\":\"https:\/\/dcare.training\/wp-content\/uploads\/2020\/03\/featured-image-project.jpg\",\"width\":1200,\"height\":630,\"caption\":\"about d-care\"},{\"@type\":\"BreadcrumbList\",\"@id\":\"https:\/\/dcare.training\/it\/che-cose-dcare\/#breadcrumb\",\"itemListElement\":[{\"@type\":\"ListItem\",\"position\":1,\"name\":\"Home\",\"item\":\"https:\/\/dcare.training\/it\/\"},{\"@type\":\"ListItem\",\"position\":2,\"name\":\"Progetto\"}]},{\"@type\":\"WebSite\",\"@id\":\"https:\/\/dcare.training\/#website\",\"url\":\"https:\/\/dcare.training\/\",\"name\":\"D-care | Respect & Respite\",\"description\":\"D CARE\",\"publisher\":{\"@id\":\"https:\/\/dcare.training\/#organization\"},\"potentialAction\":[{\"@type\":\"SearchAction\",\"target\":{\"@type\":\"EntryPoint\",\"urlTemplate\":\"https:\/\/dcare.training\/?s={search_term_string}\"},\"query-input\":{\"@type\":\"PropertyValueSpecification\",\"valueRequired\":true,\"valueName\":\"search_term_string\"}}],\"inLanguage\":\"it-IT\"},{\"@type\":\"Organization\",\"@id\":\"https:\/\/dcare.training\/#organization\",\"name\":\"D-care\",\"url\":\"https:\/\/dcare.training\/\",\"logo\":{\"@type\":\"ImageObject\",\"inLanguage\":\"it-IT\",\"@id\":\"https:\/\/dcare.training\/#\/schema\/logo\/image\/\",\"url\":\"https:\/\/dcare.training\/wp-content\/uploads\/2019\/12\/D-care-Logo-300px.png\",\"contentUrl\":\"https:\/\/dcare.training\/wp-content\/uploads\/2019\/12\/D-care-Logo-300px.png\",\"width\":300,\"height\":300,\"caption\":\"D-care\"},\"image\":{\"@id\":\"https:\/\/dcare.training\/#\/schema\/logo\/image\/\"},\"sameAs\":[\"https:\/\/www.facebook.com\/D-Care-Training-101814894692912\/\"]}]}<\/script>\n<!-- \/ Yoast SEO plugin. -->","yoast_head_json":{"title":"Progetto - Respect & Respite","robots":{"index":"index","follow":"follow","max-snippet":"max-snippet:-1","max-image-preview":"max-image-preview:large","max-video-preview":"max-video-preview:-1"},"canonical":"https:\/\/dcare.training\/it\/che-cose-dcare\/","og_locale":"it_IT","og_type":"article","og_title":"Progetto - Respect & Respite","og_description":"[vc_row css=&#8221;.vc_custom_1576750191581{padding-right: 5% !important;padding-left: 5% !important;}&#8221;][vc_column][vc_empty_space height=&#8221;50px&#8221;][vc_column_text] Informazioni sul progetto Le popolazioni di tutto il mondo stanno rapidamente invecchiando. Tuttavia, negli ultimi 50 anni in&hellip;","og_url":"https:\/\/dcare.training\/it\/che-cose-dcare\/","og_site_name":"Respect & Respite","article_publisher":"https:\/\/www.facebook.com\/D-Care-Training-101814894692912\/","article_modified_time":"2022-07-20T10:07:57+00:00","og_image":[{"width":1200,"height":630,"url":"https:\/\/dcare.training\/wp-content\/uploads\/2020\/03\/featured-image-project.jpg","type":"image\/jpeg"}],"twitter_card":"summary_large_image","twitter_misc":{"Tempo di lettura stimato":"4 minuti"},"schema":{"@context":"https:\/\/schema.org","@graph":[{"@type":"WebPage","@id":"https:\/\/dcare.training\/it\/che-cose-dcare\/","url":"https:\/\/dcare.training\/it\/che-cose-dcare\/","name":"Progetto - Respect & Respite","isPartOf":{"@id":"https:\/\/dcare.training\/#website"},"primaryImageOfPage":{"@id":"https:\/\/dcare.training\/it\/che-cose-dcare\/#primaryimage"},"image":{"@id":"https:\/\/dcare.training\/it\/che-cose-dcare\/#primaryimage"},"thumbnailUrl":"https:\/\/dcare.training\/wp-content\/uploads\/2020\/03\/featured-image-project.jpg","datePublished":"2020-03-15T19:42:56+00:00","dateModified":"2022-07-20T10:07:57+00:00","breadcrumb":{"@id":"https:\/\/dcare.training\/it\/che-cose-dcare\/#breadcrumb"},"inLanguage":"it-IT","potentialAction":[{"@type":"ReadAction","target":["https:\/\/dcare.training\/it\/che-cose-dcare\/"]}]},{"@type":"ImageObject","inLanguage":"it-IT","@id":"https:\/\/dcare.training\/it\/che-cose-dcare\/#primaryimage","url":"https:\/\/dcare.training\/wp-content\/uploads\/2020\/03\/featured-image-project.jpg","contentUrl":"https:\/\/dcare.training\/wp-content\/uploads\/2020\/03\/featured-image-project.jpg","width":1200,"height":630,"caption":"about d-care"},{"@type":"BreadcrumbList","@id":"https:\/\/dcare.training\/it\/che-cose-dcare\/#breadcrumb","itemListElement":[{"@type":"ListItem","position":1,"name":"Home","item":"https:\/\/dcare.training\/it\/"},{"@type":"ListItem","position":2,"name":"Progetto"}]},{"@type":"WebSite","@id":"https:\/\/dcare.training\/#website","url":"https:\/\/dcare.training\/","name":"D-care | Respect & Respite","description":"D CARE","publisher":{"@id":"https:\/\/dcare.training\/#organization"},"potentialAction":[{"@type":"SearchAction","target":{"@type":"EntryPoint","urlTemplate":"https:\/\/dcare.training\/?s={search_term_string}"},"query-input":{"@type":"PropertyValueSpecification","valueRequired":true,"valueName":"search_term_string"}}],"inLanguage":"it-IT"},{"@type":"Organization","@id":"https:\/\/dcare.training\/#organization","name":"D-care","url":"https:\/\/dcare.training\/","logo":{"@type":"ImageObject","inLanguage":"it-IT","@id":"https:\/\/dcare.training\/#\/schema\/logo\/image\/","url":"https:\/\/dcare.training\/wp-content\/uploads\/2019\/12\/D-care-Logo-300px.png","contentUrl":"https:\/\/dcare.training\/wp-content\/uploads\/2019\/12\/D-care-Logo-300px.png","width":300,"height":300,"caption":"D-care"},"image":{"@id":"https:\/\/dcare.training\/#\/schema\/logo\/image\/"},"sameAs":["https:\/\/www.facebook.com\/D-Care-Training-101814894692912\/"]}]}},"_links":{"self":[{"href":"https:\/\/dcare.training\/it\/wp-json\/wp\/v2\/pages\/833"}],"collection":[{"href":"https:\/\/dcare.training\/it\/wp-json\/wp\/v2\/pages"}],"about":[{"href":"https:\/\/dcare.training\/it\/wp-json\/wp\/v2\/types\/page"}],"author":[{"embeddable":true,"href":"https:\/\/dcare.training\/it\/wp-json\/wp\/v2\/users\/1"}],"replies":[{"embeddable":true,"href":"https:\/\/dcare.training\/it\/wp-json\/wp\/v2\/comments?post=833"}],"version-history":[{"count":0,"href":"https:\/\/dcare.training\/it\/wp-json\/wp\/v2\/pages\/833\/revisions"}],"wp:featuredmedia":[{"embeddable":true,"href":"https:\/\/dcare.training\/it\/wp-json\/wp\/v2\/media\/787"}],"wp:attachment":[{"href":"https:\/\/dcare.training\/it\/wp-json\/wp\/v2\/media?parent=833"}],"curies":[{"name":"wp","href":"https:\/\/api.w.org\/{rel}","templated":true}]}}