{"id":8626,"date":"2022-08-25T10:44:35","date_gmt":"2022-08-25T10:44:35","guid":{"rendered":"https:\/\/dcare.training\/livello-1-sviluppare-migliorare\/"},"modified":"2022-08-25T10:44:35","modified_gmt":"2022-08-25T10:44:35","slug":"livello-1-sviluppare-migliorare","status":"publish","type":"page","link":"https:\/\/dcare.training\/it\/livello-1-sviluppare-migliorare\/","title":{"rendered":"LIVELLO 1 \u2013SVILUPPARE, MIGLIORARE"},"content":{"rendered":"<h3 style=\"text-align: justify;\">LIVELLO 1 \u2013SVILUPPARE, MIGLIORARE<\/h3>\n<p style=\"text-align: justify;\"><em><img loading=\"lazy\" decoding=\"async\" class=\"alignright wp-image-7752\" src=\"https:\/\/dcare.training\/wp-content\/uploads\/2022\/06\/image-Level-1.png\" alt=\"\" width=\"400\" height=\"400\" srcset=\"https:\/\/dcare.training\/wp-content\/uploads\/2022\/06\/image-Level-1.png 1000w, https:\/\/dcare.training\/wp-content\/uploads\/2022\/06\/image-Level-1-300x300.png 300w, https:\/\/dcare.training\/wp-content\/uploads\/2022\/06\/image-Level-1-150x150.png 150w, https:\/\/dcare.training\/wp-content\/uploads\/2022\/06\/image-Level-1-768x768.png 768w, https:\/\/dcare.training\/wp-content\/uploads\/2022\/06\/image-Level-1-624x624.png 624w\" sizes=\"(max-width: 400px) 100vw, 400px\" \/>Felicitazioni! Hai completato con successo il questionario di autovalutazione!<\/em><\/p>\n<p style=\"text-align: justify;\"><em>Secondo le tue risposte, sei un novizio nel prendersi cura di una persona che vive con demenza. Dovrai dedicare pi\u00f9 tempo ad acquisire esperienza e sarebbe una buona idea salvare i risultati di questa autovalutazione e rifare l&#8217;apprendimento online in poche settimane; in questa fase successiva, l&#8217;autovalutazione dovrebbe essere di livello superiore.<\/em><\/p>\n<p style=\"text-align: justify;\"><em>Questo livello attesta che \u00e8 necessario migliorare le proprie competenze in modo da essere in grado di scoprire opportunit\u00e0 e generare idee riguardanti le proprie capacit\u00e0 e competenze di cura. Dovresti concentrarti sul miglioramento delle tue abilit\u00e0 individuali e anche delle tue abilit\u00e0 nella comunicazione. Potresti avere l&#8217;entusiasmo di prenderti cura delle persone con demenza, ma devi lavorare di pi\u00f9 sulle tecniche, i metodi, i parametri e le risorse.<\/em><\/p>\n<p style=\"text-align: justify;\"><em>Nel caso in cui desideri migliorare e rafforzare ulteriormente le tue conoscenze, competenze e abilit\u00e0, portarle ai livelli successivi, ti suggeriamo di visitare regolarmente il <a href=\"https:\/\/dcare.training\/\" target=\"_blank\" rel=\"noopener\">sito web<\/a> <\/em><em>del progetto: D-Care Training.<\/em><\/p>\n<p style=\"text-align: justify;\"><em>Puoi trovare molte grandi risorse nel nostro <a href=\"https:\/\/dcare.training\/dementia-friendly-activities\/\" target=\"_blank\" rel=\"noopener\">corso gratuito<\/a> su molti aspetti della cura della demenzae materiale pronto all&#8217;uso nella speciale <a href=\"https:\/\/dcare.training\/friendly-home-toolkit\/\" target=\"_blank\" rel=\"noopener\">cassetta degli attrezzi di formazione<\/a>\u00a0che abbiamo preparato per te!<\/em><\/p>\n","protected":false},"excerpt":{"rendered":"<p>LIVELLO 1 \u2013SVILUPPARE, MIGLIORARE Felicitazioni! Hai completato con successo il questionario di autovalutazione! Secondo le tue risposte, sei un novizio nel prendersi cura di una&hellip;<\/p>\n","protected":false},"author":76,"featured_media":0,"parent":0,"menu_order":0,"comment_status":"closed","ping_status":"closed","template":"","meta":{"footnotes":""},"class_list":["post-8626","page","type-page","status-publish","hentry"],"yoast_head":"<!-- This site is optimized with the Yoast SEO plugin v23.8 - https:\/\/yoast.com\/wordpress\/plugins\/seo\/ -->\n<title>LIVELLO 1 \u2013SVILUPPARE, MIGLIORARE - Respect &amp; Respite<\/title>\n<meta name=\"robots\" content=\"index, follow, max-snippet:-1, max-image-preview:large, max-video-preview:-1\" \/>\n<link rel=\"canonical\" href=\"https:\/\/dcare.training\/livello-1-sviluppare-migliorare\/\" \/>\n<meta property=\"og:locale\" content=\"it_IT\" \/>\n<meta property=\"og:type\" content=\"article\" \/>\n<meta property=\"og:title\" content=\"LIVELLO 1 \u2013SVILUPPARE, MIGLIORARE - Respect &amp; Respite\" \/>\n<meta property=\"og:description\" content=\"LIVELLO 1 \u2013SVILUPPARE, MIGLIORARE Felicitazioni! Hai completato con successo il questionario di autovalutazione! Secondo le tue risposte, sei un novizio nel prendersi cura di una&hellip;\" \/>\n<meta property=\"og:url\" content=\"https:\/\/dcare.training\/livello-1-sviluppare-migliorare\/\" \/>\n<meta property=\"og:site_name\" content=\"Respect &amp; Respite\" \/>\n<meta property=\"article:publisher\" content=\"https:\/\/www.facebook.com\/D-Care-Training-101814894692912\/\" \/>\n<meta property=\"og:image\" content=\"https:\/\/dcare.training\/wp-content\/uploads\/2022\/06\/image-Level-1.png\" \/>\n<meta name=\"twitter:card\" content=\"summary_large_image\" \/>\n<meta name=\"twitter:label1\" content=\"Tempo di lettura stimato\" \/>\n\t<meta name=\"twitter:data1\" content=\"1 minuto\" \/>\n<script type=\"application\/ld+json\" class=\"yoast-schema-graph\">{\"@context\":\"https:\/\/schema.org\",\"@graph\":[{\"@type\":\"WebPage\",\"@id\":\"https:\/\/dcare.training\/livello-1-sviluppare-migliorare\/\",\"url\":\"https:\/\/dcare.training\/livello-1-sviluppare-migliorare\/\",\"name\":\"LIVELLO 1 \u2013SVILUPPARE, MIGLIORARE - Respect & Respite\",\"isPartOf\":{\"@id\":\"https:\/\/dcare.training\/#website\"},\"primaryImageOfPage\":{\"@id\":\"https:\/\/dcare.training\/livello-1-sviluppare-migliorare\/#primaryimage\"},\"image\":{\"@id\":\"https:\/\/dcare.training\/livello-1-sviluppare-migliorare\/#primaryimage\"},\"thumbnailUrl\":\"https:\/\/dcare.training\/wp-content\/uploads\/2022\/06\/image-Level-1.png\",\"datePublished\":\"2022-08-25T10:44:35+00:00\",\"dateModified\":\"2022-08-25T10:44:35+00:00\",\"breadcrumb\":{\"@id\":\"https:\/\/dcare.training\/livello-1-sviluppare-migliorare\/#breadcrumb\"},\"inLanguage\":\"it-IT\",\"potentialAction\":[{\"@type\":\"ReadAction\",\"target\":[\"https:\/\/dcare.training\/livello-1-sviluppare-migliorare\/\"]}]},{\"@type\":\"ImageObject\",\"inLanguage\":\"it-IT\",\"@id\":\"https:\/\/dcare.training\/livello-1-sviluppare-migliorare\/#primaryimage\",\"url\":\"https:\/\/dcare.training\/wp-content\/uploads\/2022\/06\/image-Level-1.png\",\"contentUrl\":\"https:\/\/dcare.training\/wp-content\/uploads\/2022\/06\/image-Level-1.png\"},{\"@type\":\"BreadcrumbList\",\"@id\":\"https:\/\/dcare.training\/livello-1-sviluppare-migliorare\/#breadcrumb\",\"itemListElement\":[{\"@type\":\"ListItem\",\"position\":1,\"name\":\"Home\",\"item\":\"https:\/\/dcare.training\/it\/\"},{\"@type\":\"ListItem\",\"position\":2,\"name\":\"LIVELLO 1 \u2013SVILUPPARE, MIGLIORARE\"}]},{\"@type\":\"WebSite\",\"@id\":\"https:\/\/dcare.training\/#website\",\"url\":\"https:\/\/dcare.training\/\",\"name\":\"D-care | Respect & Respite\",\"description\":\"D CARE\",\"publisher\":{\"@id\":\"https:\/\/dcare.training\/#organization\"},\"potentialAction\":[{\"@type\":\"SearchAction\",\"target\":{\"@type\":\"EntryPoint\",\"urlTemplate\":\"https:\/\/dcare.training\/?s={search_term_string}\"},\"query-input\":{\"@type\":\"PropertyValueSpecification\",\"valueRequired\":true,\"valueName\":\"search_term_string\"}}],\"inLanguage\":\"it-IT\"},{\"@type\":\"Organization\",\"@id\":\"https:\/\/dcare.training\/#organization\",\"name\":\"D-care\",\"url\":\"https:\/\/dcare.training\/\",\"logo\":{\"@type\":\"ImageObject\",\"inLanguage\":\"it-IT\",\"@id\":\"https:\/\/dcare.training\/#\/schema\/logo\/image\/\",\"url\":\"https:\/\/dcare.training\/wp-content\/uploads\/2019\/12\/D-care-Logo-300px.png\",\"contentUrl\":\"https:\/\/dcare.training\/wp-content\/uploads\/2019\/12\/D-care-Logo-300px.png\",\"width\":300,\"height\":300,\"caption\":\"D-care\"},\"image\":{\"@id\":\"https:\/\/dcare.training\/#\/schema\/logo\/image\/\"},\"sameAs\":[\"https:\/\/www.facebook.com\/D-Care-Training-101814894692912\/\"]}]}<\/script>\n<!-- \/ Yoast SEO plugin. -->","yoast_head_json":{"title":"LIVELLO 1 \u2013SVILUPPARE, MIGLIORARE - Respect & Respite","robots":{"index":"index","follow":"follow","max-snippet":"max-snippet:-1","max-image-preview":"max-image-preview:large","max-video-preview":"max-video-preview:-1"},"canonical":"https:\/\/dcare.training\/livello-1-sviluppare-migliorare\/","og_locale":"it_IT","og_type":"article","og_title":"LIVELLO 1 \u2013SVILUPPARE, MIGLIORARE - Respect & Respite","og_description":"LIVELLO 1 \u2013SVILUPPARE, MIGLIORARE Felicitazioni! Hai completato con successo il questionario di autovalutazione! Secondo le tue risposte, sei un novizio nel prendersi cura di una&hellip;","og_url":"https:\/\/dcare.training\/livello-1-sviluppare-migliorare\/","og_site_name":"Respect & Respite","article_publisher":"https:\/\/www.facebook.com\/D-Care-Training-101814894692912\/","og_image":[{"url":"https:\/\/dcare.training\/wp-content\/uploads\/2022\/06\/image-Level-1.png"}],"twitter_card":"summary_large_image","twitter_misc":{"Tempo di lettura stimato":"1 minuto"},"schema":{"@context":"https:\/\/schema.org","@graph":[{"@type":"WebPage","@id":"https:\/\/dcare.training\/livello-1-sviluppare-migliorare\/","url":"https:\/\/dcare.training\/livello-1-sviluppare-migliorare\/","name":"LIVELLO 1 \u2013SVILUPPARE, MIGLIORARE - Respect & Respite","isPartOf":{"@id":"https:\/\/dcare.training\/#website"},"primaryImageOfPage":{"@id":"https:\/\/dcare.training\/livello-1-sviluppare-migliorare\/#primaryimage"},"image":{"@id":"https:\/\/dcare.training\/livello-1-sviluppare-migliorare\/#primaryimage"},"thumbnailUrl":"https:\/\/dcare.training\/wp-content\/uploads\/2022\/06\/image-Level-1.png","datePublished":"2022-08-25T10:44:35+00:00","dateModified":"2022-08-25T10:44:35+00:00","breadcrumb":{"@id":"https:\/\/dcare.training\/livello-1-sviluppare-migliorare\/#breadcrumb"},"inLanguage":"it-IT","potentialAction":[{"@type":"ReadAction","target":["https:\/\/dcare.training\/livello-1-sviluppare-migliorare\/"]}]},{"@type":"ImageObject","inLanguage":"it-IT","@id":"https:\/\/dcare.training\/livello-1-sviluppare-migliorare\/#primaryimage","url":"https:\/\/dcare.training\/wp-content\/uploads\/2022\/06\/image-Level-1.png","contentUrl":"https:\/\/dcare.training\/wp-content\/uploads\/2022\/06\/image-Level-1.png"},{"@type":"BreadcrumbList","@id":"https:\/\/dcare.training\/livello-1-sviluppare-migliorare\/#breadcrumb","itemListElement":[{"@type":"ListItem","position":1,"name":"Home","item":"https:\/\/dcare.training\/it\/"},{"@type":"ListItem","position":2,"name":"LIVELLO 1 \u2013SVILUPPARE, MIGLIORARE"}]},{"@type":"WebSite","@id":"https:\/\/dcare.training\/#website","url":"https:\/\/dcare.training\/","name":"D-care | Respect & Respite","description":"D CARE","publisher":{"@id":"https:\/\/dcare.training\/#organization"},"potentialAction":[{"@type":"SearchAction","target":{"@type":"EntryPoint","urlTemplate":"https:\/\/dcare.training\/?s={search_term_string}"},"query-input":{"@type":"PropertyValueSpecification","valueRequired":true,"valueName":"search_term_string"}}],"inLanguage":"it-IT"},{"@type":"Organization","@id":"https:\/\/dcare.training\/#organization","name":"D-care","url":"https:\/\/dcare.training\/","logo":{"@type":"ImageObject","inLanguage":"it-IT","@id":"https:\/\/dcare.training\/#\/schema\/logo\/image\/","url":"https:\/\/dcare.training\/wp-content\/uploads\/2019\/12\/D-care-Logo-300px.png","contentUrl":"https:\/\/dcare.training\/wp-content\/uploads\/2019\/12\/D-care-Logo-300px.png","width":300,"height":300,"caption":"D-care"},"image":{"@id":"https:\/\/dcare.training\/#\/schema\/logo\/image\/"},"sameAs":["https:\/\/www.facebook.com\/D-Care-Training-101814894692912\/"]}]}},"_links":{"self":[{"href":"https:\/\/dcare.training\/it\/wp-json\/wp\/v2\/pages\/8626"}],"collection":[{"href":"https:\/\/dcare.training\/it\/wp-json\/wp\/v2\/pages"}],"about":[{"href":"https:\/\/dcare.training\/it\/wp-json\/wp\/v2\/types\/page"}],"author":[{"embeddable":true,"href":"https:\/\/dcare.training\/it\/wp-json\/wp\/v2\/users\/76"}],"replies":[{"embeddable":true,"href":"https:\/\/dcare.training\/it\/wp-json\/wp\/v2\/comments?post=8626"}],"version-history":[{"count":0,"href":"https:\/\/dcare.training\/it\/wp-json\/wp\/v2\/pages\/8626\/revisions"}],"wp:attachment":[{"href":"https:\/\/dcare.training\/it\/wp-json\/wp\/v2\/media?parent=8626"}],"curies":[{"name":"wp","href":"https:\/\/api.w.org\/{rel}","templated":true}]}}